{"id":26951,"date":"2020-06-23T09:51:00","date_gmt":"2020-06-23T09:51:00","guid":{"rendered":"https:\/\/andresnavarro.es\/?page_id=26951"},"modified":"2020-08-03T12:11:19","modified_gmt":"2020-08-03T12:11:19","slug":"politique-de-cookies","status":"publish","type":"page","link":"https:\/\/andresnavarro.es\/fr\/politique-de-cookies\/","title":{"rendered":"Politique de cookies"},"content":{"rendered":"<div class=\"et_pb_section et_pb_section_1 et_section_regular\">\n<div class=\"et_pb_row et_pb_row_0\">\n<div class=\"et_pb_column et_pb_column_4_4 et_pb_column_0 et_pb_css_mix_blend_mode_passthrough et-last-child\">\n<div class=\"et_pb_module et_pb_text et_pb_text_0 et_pb_text_align_left et_pb_bg_layout_light\">\n<div class=\"et_pb_text_inner\">\n<h3>Que sont les cookies\u00a0?<\/h3>\n<p>Un cookie est un fichier qui est t\u00e9l\u00e9charg\u00e9 dans l\u2019ordinateur de l\u2019utilisateur lorsque celui-ci acc\u00e8de \u00e0 certains site Web. Les cookies permettent, entre autres, \u00e0 un site Web de stocker et de r\u00e9cup\u00e9rer des informations sur les habitudes de navigation d\u2019un utilisateur ou de son dispositif, et en fonction de l\u2019information obtenue et de la fa\u00e7on d\u2019utiliser le dispositif, ils peuvent \u00eatre utilis\u00e9s pour reconna\u00eetre l\u2019utilisateur.<\/p>\n<\/div>\n<\/div>\n<\/div>\n<\/div>\n<div class=\"et_pb_row et_pb_row_1\">\n<div class=\"et_pb_column et_pb_column_4_4 et_pb_column_1 et_pb_css_mix_blend_mode_passthrough et-last-child\">\n<div class=\"et_pb_module et_pb_text et_pb_text_1 et_pb_text_align_left et_pb_bg_layout_light\">\n<div class=\"et_pb_text_inner\">\n<h3>Quels sont les diff\u00e9rents types de cookies\u00a0?<\/h3>\n<p>Il existe diff\u00e9rents types de cookies en fonction de divers crit\u00e8res\u00a0:<\/p>\n<p>En fonction de la dur\u00e9e pendant laquelle ils sont actifs\u00a0:<\/p>\n<ul>\n<li>Cookies de session\u00a0: il s\u2019agit de cookies con\u00e7us pour collecter et stocker des donn\u00e9es pendant l\u2019acc\u00e8s de l\u2019utilisateur \u00e0 un site Web.<\/li>\n<li>Cookies permanents\u00a0: il s\u2019agit de cookies sur lesquels les donn\u00e9es restent stock\u00e9es dans le terminal et peuvent \u00eatre accessibles et trait\u00e9es pendant une p\u00e9riode d\u00e9termin\u00e9e par le responsable du cookie.<\/li>\n<\/ul>\n<p>En fonction du propri\u00e9taire\u00a0:<\/p>\n<ul>\n<li>Cookies propri\u00e9taires. Il s\u2019agit de cookies qui appartiennent \u00e0 ANDR\u00c9S NAVARRO S.A.<\/li>\n<li>Cookies de tiers. Il s\u2019agit de cookies qui appartiennent \u00e0 un tiers, autre que ANDR\u00c9S NAVARRO S.A., qui sera charg\u00e9 de trait\u00e9 l\u2019information collect\u00e9e.<\/li>\n<\/ul>\n<p>En fonction de la finalit\u00e9\u00a0:<\/p>\n<ul>\n<li>Cookies techniques et\/ou de personnalisation. Il s\u2019agit de cookies servant \u00e0 am\u00e9liorer le service, \u00e0 localiser les incidents, \u00e0 reconna\u00eetre l\u2019utilisateur, etc.<\/li>\n<li>Cookies d\u2019analyse et\/ou de publicit\u00e9. Il s\u2019agit de cookies servant \u00e0 analyser les informations sur la navigation et \u00e0 offrir de la publicit\u00e9, g\u00e9n\u00e9rique ou personnalis\u00e9e.<\/li>\n<\/ul>\n<\/div>\n<\/div>\n<\/div>\n<\/div>\n<div class=\"et_pb_row et_pb_row_2\">\n<div class=\"et_pb_column et_pb_column_4_4 et_pb_column_2 et_pb_css_mix_blend_mode_passthrough et-last-child\">\n<div class=\"et_pb_module et_pb_text et_pb_text_2 et_pb_text_align_left et_pb_bg_layout_light\">\n<div class=\"et_pb_text_inner\">\n<h3>Quels sont les cookies les plus habituels\u00a0?<\/h3>\n<p>TECHNIQUES : il s\u2019agit des cookies PROPRI\u00c9TAIRES, de session, d\u2019identification, de configuration y de registre, strictement n\u00e9cessaires \u00e0 l\u2019identification de l\u2019utilisateur et pour la prestation des services qu\u2019il a demand\u00e9s. L\u2019information obtenue au travers de ces cookies est trait\u00e9e uniquement par ANDR\u00c9S NAVARRO S.A.<\/p>\n<p>D\u2019ANALYSE\u00a0: il s\u2019agit des cookies que nous traitons nous-m\u00eames ou au travers de tiers et qui nous permettent de quantifier le nombre d\u2019utilisateurs, afin de r\u00e9aliser un calcul et une analyse statistiques de l\u2019utilisation du service propos\u00e9, de la part des utilisateurs. Pour ce faire, nous analysons leur navigation sur notre site Web, en vue d\u2019am\u00e9liorer l\u2019offre de produits ou de services propos\u00e9s.<\/p>\n<p>DE PUBLICIT\u00c9\u00a0: il s\u2019agit des cookies que nous traitons nous-m\u00eames ou au travers de tiers et qui nous permettent de traiter, de la forme la plus efficace qui soit les espaces publicitaires pouvant \u00eatre inclus dans notre site Web et\/ou qui stockent des informations du comportement des utilisateurs, obtenues au travers de l\u2019observation constante. Gr\u00e2ce \u00e0 ces cookies, nous pouvons conna\u00eetre les habitudes de navigation sur Internet et leur montrer de la publicit\u00e9 associ\u00e9e \u00e0 leur profil de navigation.<\/p>\n<\/div>\n<\/div>\n<\/div>\n<\/div>\n<div class=\"et_pb_row et_pb_row_3\">\n<div class=\"et_pb_column et_pb_column_4_4 et_pb_column_3 et_pb_css_mix_blend_mode_passthrough et-last-child\">\n<div class=\"et_pb_module et_pb_text et_pb_text_3 et_pb_text_align_left et_pb_bg_layout_light\">\n<div class=\"et_pb_text_inner\">\n<h3>\u00c0 quoi servent les cookies\u00a0?<\/h3>\n<p>Les cookies sont utilis\u00e9s pour pouvoir vous offrir des services et\/ou de la publicit\u00e9 personnalis\u00e9s, pour analyser le fonctionnement du syst\u00e8me, vous reconna\u00eetre lorsque vous acc\u00e9dez en qualit\u00e9 d\u2019utilisateur, pour localiser les incidents et les probl\u00e8mes qui peuvent surgir et les r\u00e9soudre le plus rapidement possible, ainsi que pour analyser et calculer l\u2019utilisation et l\u2019activit\u00e9 du site Web.<\/p>\n<\/div>\n<\/div>\n<\/div>\n<\/div>\n<div class=\"et_pb_row et_pb_row_4\">\n<div class=\"et_pb_column et_pb_column_4_4 et_pb_column_4 et_pb_css_mix_blend_mode_passthrough et-last-child\">\n<div class=\"et_pb_module et_pb_text et_pb_text_4 et_pb_text_align_left et_pb_bg_layout_light\">\n<div class=\"et_pb_text_inner\">\n<h3>Mon consentement est-il n\u00e9cessaire pour implanter un cookie\u00a0?<\/h3>\n<p>Votre consentement n\u2019est pas n\u00e9cessaire pour installer des cookies techniques, ni ceux strictement n\u00e9cessaires \u00e0 la prestation d\u2019un service de la soci\u00e9t\u00e9 de l\u2019information express\u00e9ment demand\u00e9 par le destinataire.<\/p>\n<p>Pour le reste en revanche, le consentement de la personne int\u00e9ress\u00e9e est n\u00e9cessaire et peut lui \u00eatre demand\u00e9 par diff\u00e9rents moyens. Dans le cas de ANDR\u00c9S NAVARRO S.A., nous consid\u00e8rerons que vous nous le donnez si vous continuez \u00e0 utiliser le site Web, sans pr\u00e9judice de pouvoir le r\u00e9voquer \u00e0 tout moment et de d\u00e9sactiver les cookies.<\/p>\n<\/div>\n<\/div>\n<\/div>\n<\/div>\n<div class=\"et_pb_row et_pb_row_5\">\n<div class=\"et_pb_column et_pb_column_4_4 et_pb_column_5 et_pb_css_mix_blend_mode_passthrough et-last-child\">\n<div class=\"et_pb_module et_pb_text et_pb_text_5 et_pb_text_align_left et_pb_bg_layout_light\">\n<div class=\"et_pb_text_inner\">\n<h3>Quels types de cookies utilise ce site Web\u00a0?<\/h3>\n<p>Cookies techniques\u00a0: il s\u2019agit des cookies que nous cr\u00e9ons et traitons nous-m\u00eames uniquement et qui permettent \u00e0 l\u2019utilisateur de naviguer sur notre site Web, d\u2019utiliser les diff\u00e9rentes options telles que l\u2019identification de la session, la personnalisation de l\u2019information ou l\u2019acc\u00e8s aux zones restreintes, entre autres.<\/p>\n<p>Le site Web de ANDR\u00c9S NAVARRO S.A. utilise (ou peut utiliser) Google Analytics, un outil d\u2019analyse Web d\u00e9velopp\u00e9 par Google, qui aide les propri\u00e9taires de sites Web \u00e0 calculer l\u2019interaction entre les utilisateurs et le contenu du site. Pour pr\u00eater ces services, Google Analytics utilise des cookies qui compilent les informations, y compris l\u2019adresse IP de l\u2019utilisateur qui sera ensuite transmise, trait\u00e9e et stock\u00e9e par Google dans les termes \u00e9tablis sur le site Web Google.com.<br \/>\nPour toute information compl\u00e9mentaire, consultez\u00a0:<\/p>\n<p><a href=\"https:\/\/developers.google.com\/analytics\/devguides\/collection\/analyticsjs\/cookie-usage\">https:\/\/developers.google.com\/analytics\/devguides\/collection\/analyticsjs\/cookie-usage<\/a><\/p>\n<p>Le domaine web www.andresnavarro.es utilise les types de cookies suivants :<\/p>\n<table>\n<thead>\n<tr>\n<td>Nom du cookie<\/td>\n<td>Finalit\u00e9<\/td>\n<td>Expire<\/td>\n<\/tr>\n<\/thead>\n<tbody>\n<tr>\n<td>_ga<\/td>\n<td>Il est utilis\u00e9 pour distinguer les utilisateurs des sessions. Le cookie est cr\u00e9\u00e9 lors du t\u00e9l\u00e9chargement du carnet javascript et il n\u2019y a pas de version pr\u00e9alable du cookie _ga. Le cookie est utilis\u00e9 chaque fois que vous envoyez les donn\u00e9es \u00e0 Google Analytics.<\/td>\n<td>2\u00a0ans<\/td>\n<\/tr>\n<tr>\n<td>_gat<\/td>\n<td>Il est utilis\u00e9 pour limiter le pourcentage des demandes. Si vous avez rempli Google Analytics au travers de Google Tag Manager, ce cookie s\u2019appellera _dc_gtm_.<\/td>\n<td>1\u00a0minute<\/td>\n<\/tr>\n<tr>\n<td>_gid<\/td>\n<td>Il est utilis\u00e9 pour distinguer les utilisateurs. Cookie de Google Analytics.<\/td>\n<td>24\u00a0heures<\/td>\n<\/tr>\n<tr>\n<td>language<\/td>\n<td>Ce cookie est associ\u00e9 au WordPress et stocke une pr\u00e9f\u00e9rence de langue pour le visiteur, afin d\u2019aider les sites multilingues. Lorsqu\u2019il est \u00e9tabli comme cookies persistant ou d\u2019une dur\u00e9e de vie pr\u00e9d\u00e9termin\u00e9e d\u2019un an, il doit \u00eatre consid\u00e9r\u00e9 comme fonctionnel, au lieu de strictement n\u00e9cessaire.<br \/>\nL\u2019objectif principal de ce cookie est\u00a0: la fonctionnalit\u00e9.<\/td>\n<td>1\u00a0an<\/td>\n<\/tr>\n<tr>\n<td>PHPSESSID<\/td>\n<td>Il a pour but de contr\u00f4ler la session de l\u2019utilisateur. Ils sont n\u00e9cessaires \u00e0 la navigation et au bon fonctionnement de notre site Web.<\/td>\n<td>\u00c0 la fin de la session<\/td>\n<\/tr>\n<\/tbody>\n<\/table>\n<\/div>\n<\/div>\n<\/div>\n<\/div>\n<div class=\"et_pb_row et_pb_row_6\">\n<div class=\"et_pb_column et_pb_column_4_4 et_pb_column_6 et_pb_css_mix_blend_mode_passthrough et-last-child\">\n<div class=\"et_pb_module et_pb_text et_pb_text_6 et_pb_text_align_left et_pb_bg_layout_light\">\n<div class=\"et_pb_text_inner\">\n<h3>Comment d\u00e9sactiver les cookies\u00a0?<\/h3>\n<p>Vous pouvez autoriser, bloquer ou \u00e9liminer les cookies install\u00e9s dans votre dispositif en configurant les options du navigateur install\u00e9 dans votre ordinateur.<\/p>\n<p>Firefox\u00a0: https:\/\/support.mozilla.org\/es\/kb\/habilitar-y-deshabilitar-cookies-sitios-web-rastrear-preferencias?redirectlocale=es&amp;redirectslug=habilitar-y-deshabilitar-cookies-que-los-sitios-we<\/p>\n<ul>\n<li>Chrome\u00a0: https:\/\/support.google.com\/chrome\/answer\/95647?hl=es<\/li>\n<li>Internet Explorer\u00a0: https:\/\/support.microsoft.com\/es-es\/products\/windows?os=windows-10<\/li>\n<li>Safari\u00a0: https:\/\/support.apple.com\/kb\/ph5042?locale=es_ES<\/li>\n<li>Safari pour iOS\u00a0: https:\/\/support.apple.com\/es-es\/HT201265<\/li>\n<li>Opera\u00a0: http:\/\/help.opera.com\/Windows\/11.50\/es-ES\/cookies.html<\/li>\n<\/ul>\n<\/div>\n<\/div>\n<\/div>\n<\/div>\n<\/div>\n","protected":false},"excerpt":{"rendered":"<p>Que sont les cookies\u00a0? Un cookie est un fichier qui est t\u00e9l\u00e9charg\u00e9 dans l\u2019ordinateur de l\u2019utilisateur lorsque celui-ci acc\u00e8de \u00e0<\/p>\n","protected":false},"author":1,"featured_media":0,"parent":0,"menu_order":0,"comment_status":"closed","ping_status":"closed","template":"","meta":[],"yoast_head":"<title>Politique de cookies - Andr\u00e9s Navarro - Especialistas en Tejidos<\/title>\n<meta name=\"robots\" content=\"index, follow, max-snippet:-1, max-image-preview:large, max-video-preview:-1\" \/>\n<link rel=\"canonical\" href=\"https:\/\/andresnavarro.es\/fr\/politique-de-cookies\/\" \/>\n<meta property=\"og:locale\" content=\"fr_FR\" \/>\n<meta property=\"og:type\" content=\"article\" \/>\n<meta property=\"og:title\" content=\"Politique de cookies - Andr\u00e9s Navarro - Especialistas en Tejidos\" \/>\n<meta property=\"og:description\" content=\"Que sont les cookies\u00a0? Un cookie est un fichier qui est t\u00e9l\u00e9charg\u00e9 dans l\u2019ordinateur de l\u2019utilisateur lorsque celui-ci acc\u00e8de \u00e0\" \/>\n<meta property=\"og:url\" content=\"https:\/\/andresnavarro.es\/fr\/politique-de-cookies\/\" \/>\n<meta property=\"og:site_name\" content=\"Andr\u00e9s Navarro - Especialistas en Tejidos\" \/>\n<meta property=\"article:modified_time\" content=\"2020-08-03T12:11:19+00:00\" \/>\n<meta name=\"twitter:card\" content=\"summary_large_image\" \/>\n<meta name=\"twitter:label1\" content=\"Dur\u00e9e de lecture est.\">\n\t<meta name=\"twitter:data1\" content=\"6 minutes\">\n<script type=\"application\/ld+json\" class=\"yoast-schema-graph\">{\"@context\":\"https:\/\/schema.org\",\"@graph\":[{\"@type\":\"Organization\",\"@id\":\"https:\/\/andresnavarro.es\/fr\/#organization\",\"name\":\"Andres Navarro S.A.\",\"url\":\"https:\/\/andresnavarro.es\/fr\/\",\"sameAs\":[],\"logo\":{\"@type\":\"ImageObject\",\"@id\":\"https:\/\/andresnavarro.es\/fr\/#logo\",\"inLanguage\":\"fr-FR\",\"url\":\"https:\/\/andresnavarro.es\/wp-content\/uploads\/2019\/12\/logo_andres_navarro.png\",\"width\":634,\"height\":221,\"caption\":\"Andres Navarro S.A.\"},\"image\":{\"@id\":\"https:\/\/andresnavarro.es\/fr\/#logo\"}},{\"@type\":\"WebSite\",\"@id\":\"https:\/\/andresnavarro.es\/fr\/#website\",\"url\":\"https:\/\/andresnavarro.es\/fr\/\",\"name\":\"Andr\\u00e9s Navarro - Especialistas en Tejidos\",\"description\":\"Distribuci\\u00f3n de tejidos\",\"publisher\":{\"@id\":\"https:\/\/andresnavarro.es\/fr\/#organization\"},\"potentialAction\":[{\"@type\":\"SearchAction\",\"target\":\"https:\/\/andresnavarro.es\/fr\/?s={search_term_string}\",\"query-input\":\"required name=search_term_string\"}],\"inLanguage\":\"fr-FR\"},{\"@type\":\"WebPage\",\"@id\":\"https:\/\/andresnavarro.es\/fr\/politique-de-cookies\/#webpage\",\"url\":\"https:\/\/andresnavarro.es\/fr\/politique-de-cookies\/\",\"name\":\"Politique de cookies - Andr\\u00e9s Navarro - Especialistas en Tejidos\",\"isPartOf\":{\"@id\":\"https:\/\/andresnavarro.es\/fr\/#website\"},\"datePublished\":\"2020-06-23T09:51:00+00:00\",\"dateModified\":\"2020-08-03T12:11:19+00:00\",\"breadcrumb\":{\"@id\":\"https:\/\/andresnavarro.es\/fr\/politique-de-cookies\/#breadcrumb\"},\"inLanguage\":\"fr-FR\",\"potentialAction\":[{\"@type\":\"ReadAction\",\"target\":[\"https:\/\/andresnavarro.es\/fr\/politique-de-cookies\/\"]}]},{\"@type\":\"BreadcrumbList\",\"@id\":\"https:\/\/andresnavarro.es\/fr\/politique-de-cookies\/#breadcrumb\",\"itemListElement\":[{\"@type\":\"ListItem\",\"position\":1,\"item\":{\"@type\":\"WebPage\",\"@id\":\"https:\/\/andresnavarro.es\/fr\/\",\"url\":\"https:\/\/andresnavarro.es\/fr\/\",\"name\":\"Portada\"}},{\"@type\":\"ListItem\",\"position\":2,\"item\":{\"@type\":\"WebPage\",\"@id\":\"https:\/\/andresnavarro.es\/fr\/politique-de-cookies\/\",\"url\":\"https:\/\/andresnavarro.es\/fr\/politique-de-cookies\/\",\"name\":\"Politique de cookies\"}}]}]}<\/script>","_links":{"self":[{"href":"https:\/\/andresnavarro.es\/fr\/wp-json\/wp\/v2\/pages\/26951"}],"collection":[{"href":"https:\/\/andresnavarro.es\/fr\/wp-json\/wp\/v2\/pages"}],"about":[{"href":"https:\/\/andresnavarro.es\/fr\/wp-json\/wp\/v2\/types\/page"}],"author":[{"embeddable":true,"href":"https:\/\/andresnavarro.es\/fr\/wp-json\/wp\/v2\/users\/1"}],"replies":[{"embeddable":true,"href":"https:\/\/andresnavarro.es\/fr\/wp-json\/wp\/v2\/comments?post=26951"}],"version-history":[{"count":3,"href":"https:\/\/andresnavarro.es\/fr\/wp-json\/wp\/v2\/pages\/26951\/revisions"}],"predecessor-version":[{"id":27054,"href":"https:\/\/andresnavarro.es\/fr\/wp-json\/wp\/v2\/pages\/26951\/revisions\/27054"}],"wp:attachment":[{"href":"https:\/\/andresnavarro.es\/fr\/wp-json\/wp\/v2\/media?parent=26951"}],"curies":[{"name":"wp","href":"https:\/\/api.w.org\/{rel}","templated":true}]}}