{"id":26938,"date":"2020-06-23T09:33:34","date_gmt":"2020-06-23T09:33:34","guid":{"rendered":"https:\/\/andresnavarro.es\/?page_id=26938"},"modified":"2020-08-03T12:12:20","modified_gmt":"2020-08-03T12:12:20","slug":"politique-de-confidentialite","status":"publish","type":"page","link":"https:\/\/andresnavarro.es\/fr\/politique-de-confidentialite\/","title":{"rendered":"Politique de confidentialit\u00e9"},"content":{"rendered":"<div class=\"et_pb_section et_pb_section_1 et_section_regular\">\n<div class=\"et_pb_row et_pb_row_0\">\n<div class=\"et_pb_column et_pb_column_4_4 et_pb_column_0 et_pb_css_mix_blend_mode_passthrough et-last-child\">\n<div class=\"et_pb_module et_pb_text et_pb_text_0 et_pb_text_align_left et_pb_bg_layout_light\">\n<div class=\"et_pb_text_inner\">\n<p>En ANDR\u00c9S NAVARRO S.A. s\u2019efforce de garantir la confidentialit\u00e9 lors du traitement de vos donn\u00e9es personnelles. Nous avons mis \u00e0 jour notre Politique de confidentialit\u00e9 pour informer clairement sur la fa\u00e7on dont nous collectons, utilisons et conservons les donn\u00e9es des personnes qui contactent notre organisation :<\/p>\n<p>\u00b7\u00a0\u00a0\u00a0\u00a0\u00a0\u00a0\u00a0\u00a0 Responsable du traitement<br \/>\n\u00b7\u00a0\u00a0\u00a0\u00a0\u00a0\u00a0\u00a0\u00a0 Finalit\u00e9s du traitement des donn\u00e9es<br \/>\n\u00b7\u00a0\u00a0\u00a0\u00a0\u00a0\u00a0\u00a0\u00a0 P\u00e9riode de conservation des donn\u00e9es<br \/>\n\u00b7\u00a0\u00a0\u00a0\u00a0\u00a0\u00a0\u00a0\u00a0 L\u00e9gitimation pour traiter les donn\u00e9es<br \/>\n\u00b7\u00a0\u00a0\u00a0\u00a0\u00a0\u00a0\u00a0\u00a0 Communication des donn\u00e9es<br \/>\n\u00b7\u00a0\u00a0\u00a0\u00a0\u00a0\u00a0\u00a0\u00a0 Obtention de vos donn\u00e9es et des donn\u00e9es de tiers<br \/>\n\u00b7\u00a0\u00a0\u00a0\u00a0\u00a0\u00a0\u00a0\u00a0 Transferts de donn\u00e9es internationaux<br \/>\n\u00b7\u00a0\u00a0\u00a0\u00a0\u00a0\u00a0\u00a0\u00a0 Vos droits<\/p>\n<\/div>\n<\/div>\n<\/div>\n<\/div>\n<div class=\"et_pb_row et_pb_row_1\">\n<div class=\"et_pb_column et_pb_column_4_4 et_pb_column_1 et_pb_css_mix_blend_mode_passthrough et-last-child\">\n<div class=\"et_pb_module et_pb_text et_pb_text_1 et_pb_text_align_left et_pb_bg_layout_light\">\n<div class=\"et_pb_text_inner\">\n<p>Responsable du traitement de vos donn\u00e9es<\/p>\n<p>\u00b7\u00a0\u00a0\u00a0\u00a0\u00a0\u00a0\u00a0\u00a0 Raison sociale : ANDR\u00c9S NAVARRO S.A.<br \/>\n\u00b7\u00a0\u00a0\u00a0\u00a0\u00a0\u00a0\u00a0\u00a0 Nom commercial : ANDR\u00c9S NAVARRO S.A.<br \/>\n\u00b7\u00a0\u00a0\u00a0\u00a0\u00a0\u00a0\u00a0\u00a0 CIF : <span class=\"st\">A-08889099<br \/>\n<\/span>\u00b7\u00a0\u00a0\u00a0\u00a0\u00a0\u00a0\u00a0\u00a0 Adresse postale : Carrer de Tucuman 2, 08030 Barcelona<br \/>\n\u00b7\u00a0\u00a0\u00a0\u00a0\u00a0\u00a0\u00a0\u00a0 T\u00e9l\u00e9phone : <a href=\"tel:+34%20932%2047%2001%2049\">+34 932 47 01 49<\/a><br \/>\n\u00b7\u00a0\u00a0\u00a0\u00a0\u00a0\u00a0\u00a0\u00a0 E-mail : info@andresnavarro.es<\/p>\n<\/div>\n<\/div>\n<\/div>\n<\/div>\n<div class=\"et_pb_row et_pb_row_2\">\n<div class=\"et_pb_column et_pb_column_4_4 et_pb_column_2 et_pb_css_mix_blend_mode_passthrough et-last-child\">\n<div class=\"et_pb_module et_pb_text et_pb_text_2 et_pb_text_align_left et_pb_bg_layout_light\">\n<div class=\"et_pb_text_inner\">\n<p><strong>Finalit\u00e9 du traitement de vos donn\u00e9es<\/strong><\/p>\n<p>ANDR\u00c9S NAVARRO S.A. traite les donn\u00e9es des utilisateurs de fa\u00e7on manuelle et\/ou automatis\u00e9e, en fonction du motif pour lesquelles elles ont \u00e9t\u00e9 fournies, aux fins suivantes :<\/p>\n<ol>\n<li>Traiter les donn\u00e9es fournies directement par la personne int\u00e9ress\u00e9e, en qualit\u00e9 de particulier, professionnel ou repr\u00e9sentant de son entreprise, pour r\u00e9pondre aux demandes, questions ou consultations et faire un suivi.<\/li>\n<li>Traiter les donn\u00e9es fournies par l\u2019utilisateur au moment de la souscription de nos services et produits, au niveau organisationnel, comptable, fiscal et administratif.<\/li>\n<li>Traiter les donn\u00e9es de contact particuli\u00e8res et\/ou professionnelles de l\u2019utilisateur, pour sa participation \u00e0 diverses promotions, tirages au sort, activit\u00e9s et \u00e9v\u00e8nements, que nous organisons et que nous avons \u00e9t\u00e9 autoris\u00e9s \u00e0 divulguer sur d\u2019autres promotions, activit\u00e9s ou \u00e9v\u00e8nements que nous organisions et soient susceptibles de l\u2019int\u00e9resser.<\/li>\n<li>Envoyer r\u00e9guli\u00e8rement des e-mails sur les diff\u00e9rentes promotions, tirages au sort, activit\u00e9s, \u00e9v\u00e8nements et actualit\u00e9s relatives \u00e0 notre organisation.<\/li>\n<li>Envoyer notre Newsletter, en cas d\u2019inscription \u00e0 celle-ci, en traitant les donn\u00e9es fournies \u00e0 tel effet.<\/li>\n<li>R\u00e9diger des rapports de statistiques anonymes concernant les habitudes d\u2019acc\u00e8s et les activit\u00e9s d\u00e9velopp\u00e9es par les utilisateurs sur la plate-forme.<\/li>\n<li>R\u00e9aliser, s\u2019il y a lieu, le profil de l\u2019utilisateur et lancer des actions commerciales adapt\u00e9es audit profil, en utilisant les donn\u00e9es obtenues du traitement des produits acquis comme ses donn\u00e9es de navigation, habitudes d\u2019acc\u00e8s et autres, afin de lui proposer des produits et des services de fa\u00e7on personnalis\u00e9e.<\/li>\n<\/ol>\n<\/div>\n<\/div>\n<\/div>\n<\/div>\n<div class=\"et_pb_row et_pb_row_3\">\n<div class=\"et_pb_column et_pb_column_4_4 et_pb_column_3 et_pb_css_mix_blend_mode_passthrough et-last-child\">\n<div class=\"et_pb_module et_pb_text et_pb_text_3 et_pb_text_align_left et_pb_bg_layout_light\">\n<div class=\"et_pb_text_inner\">\n<p><strong>P\u00e9riode de conservation de vos donn\u00e9es.<\/strong><\/p>\n<p>&nbsp;<\/p>\n<ul>\n<li>Les donn\u00e9es destin\u00e9es \u00e0 la gestion de <strong>la relation avec le client et la facturation et encaissement des service<\/strong>s seront conserv\u00e9es pendant toute la dur\u00e9e de validit\u00e9 de la relation contractuelle. \u00c0 l\u2019issue de cette relation, les donn\u00e9es pourront \u00eatre conserv\u00e9es pendant le d\u00e9lai exig\u00e9 par la loi applicable et jusqu\u2019\u00e0 la prescription des \u00e9ventuelles responsabilit\u00e9s d\u00e9riv\u00e9es du contrat.<\/li>\n<li>Les donn\u00e9es destin\u00e9es <strong>au traitement des questions et demandes<\/strong> seront conserv\u00e9es pendant toute la dur\u00e9e n\u00e9cessaire pour y r\u00e9pondre, avec un d\u00e9lai maximum d\u2019un an.<\/li>\n<li>Les donn\u00e9es relatives <strong>aux publications de commentaires<\/strong> sur nos produits et services seront maintenues pendant la dur\u00e9e de validit\u00e9 et la publication des produits ou services auxquels elles font r\u00e9f\u00e9rence, sauf demande expresse qu\u2019elles soient \u00e9limin\u00e9es, que vous pouvez r\u00e9aliser \u00e0 tout moment.<\/li>\n<li>Les donn\u00e9es de contact pour votre participation <strong>aux promotions, tirages au sort, activit\u00e9s et \u00e9v\u00e8nements,<\/strong> seront conserv\u00e9es pendant la dur\u00e9e de ceux-ci, conform\u00e9ment aux bases sp\u00e9cifiques, afin de traiter leur d\u00e9roulement puis jusqu\u2019\u00e0 la prescription des \u00e9ventuelles responsabilit\u00e9s d\u00e9riv\u00e9es de leur r\u00e9alisation ou jusqu\u2019\u00e0, selon le cas, que vous nous indiquiez votre volont\u00e9 de r\u00e9voquer votre consentement.<\/li>\n<li>Les donn\u00e9es pour l\u2019envoi des <strong>Newsletters<\/strong> seront conserv\u00e9es de fa\u00e7on ind\u00e9termin\u00e9e, sauf indication contraire ou si l\u2019utilisateur s\u2019y oppose ou r\u00e9voque son consentement.<\/li>\n<li>Les donn\u00e9es pour l\u2019envoi des <strong>courriers commerciaux et l\u2019\u00e9laboration des profils commerciaux<\/strong> de nos produits ou services seront conserv\u00e9es de fa\u00e7on ind\u00e9termin\u00e9e \u00e0 moins que la personne int\u00e9ress\u00e9e r\u00e9voque son consentement.<\/li>\n<\/ul>\n<\/div>\n<\/div>\n<\/div>\n<\/div>\n<div class=\"et_pb_row et_pb_row_4\">\n<div class=\"et_pb_column et_pb_column_4_4 et_pb_column_4 et_pb_css_mix_blend_mode_passthrough et-last-child\">\n<div class=\"et_pb_module et_pb_text et_pb_text_4 et_pb_text_align_left et_pb_bg_layout_light\">\n<div class=\"et_pb_text_inner\">\n<p><strong>Base juridique pour le traitement de vos donn\u00e9es<\/strong><\/p>\n<p>&nbsp;<\/p>\n<ul>\n<li>La base juridique pour le traitement de vos donn\u00e9es en vue de la souscription de services, paiement, facturation et envois correspondants est l\u2019ex\u00e9cution du contrat.<\/li>\n<li>L\u2019offre prospective d\u2019information commerciale sur les promotions, tirages au sort et \u00e9v\u00e8nements aux clients, dont la base juridique est la satisfaction de l\u2019int\u00e9r\u00eat l\u00e9gal l\u00e9gitime de l\u2019entreprise consistant \u00e0 offrir \u00e0 nos clients la souscription d\u2019autres produits ou services li\u00e9s \u00e0 notre activit\u00e9 professionnelle et de les fid\u00e9liser. Laite base juridique est reconnue par la norme l\u00e9gale applicable (R\u00e8glement G\u00e9n\u00e9ral de Protection des Donn\u00e9es), qui permet express\u00e9ment le traitement des donn\u00e9es personnelles sur cette base l\u00e9gale, aux fins de d\u00e9marchage. Nonobstant, nous vous rappelons que vous avez le droit de vous opposer au traitement de ces donn\u00e9es, en utilisant n\u2019importe quelle m\u00e9thode indiqu\u00e9e dans cette Politique.<\/li>\n<li>La base de l\u2019envoi de correspondance commerciale aux utilisateurs qui ne sont pas des clients est le consentement de la personne int\u00e9ress\u00e9e qui en a fait la demande, et peut \u00eatre r\u00e9voqu\u00e9e \u00e0 tout moment. Le retrait dudit consentement n\u2019affectera en aucun cas l\u2019ex\u00e9cution du contrat mais les traitements de donn\u00e9es \u00e0 telle fin effectu\u00e9s au pr\u00e9alable ne perdront pas leur lic\u00e9it\u00e9 du fait du retrait du consentement.<\/li>\n<\/ul>\n<\/div>\n<\/div>\n<\/div>\n<\/div>\n<div class=\"et_pb_row et_pb_row_5\">\n<div class=\"et_pb_column et_pb_column_4_4 et_pb_column_5 et_pb_css_mix_blend_mode_passthrough et-last-child\">\n<div class=\"et_pb_module et_pb_text et_pb_text_5 et_pb_text_align_left et_pb_bg_layout_light\">\n<div class=\"et_pb_text_inner\">\n<p><strong>Communication de vos donn\u00e9es<\/strong><\/p>\n<p>ANDR\u00c9S NAVARRO S.A. informe les utilisateurs que leurs donn\u00e9es pourront \u00eatre communiqu\u00e9es :<\/p>\n<ul>\n<li>Aux <strong>organismes financiers<\/strong> charg\u00e9s du traitement des paiements et encaissements.<\/li>\n<li>Aux <strong>administrations publiques<\/strong> comp\u00e9tentes, dans les cas pr\u00e9vus par la loi et aux fins qui y sont d\u00e9finies.<\/li>\n<\/ul>\n<\/div>\n<\/div>\n<\/div>\n<\/div>\n<div class=\"et_pb_row et_pb_row_6\">\n<div class=\"et_pb_column et_pb_column_4_4 et_pb_column_6 et_pb_css_mix_blend_mode_passthrough et-last-child\">\n<div class=\"et_pb_module et_pb_text et_pb_text_6 et_pb_text_align_left et_pb_bg_layout_light\">\n<div class=\"et_pb_text_inner\">\n<p><strong>Obtention de vos donn\u00e9es et des donn\u00e9es de tiers.<\/strong><\/p>\n<ul>\n<li>Les donn\u00e9es personnelles trait\u00e9es par ANDR\u00c9S NAVARRO S.A. sont fournies par les personnes int\u00e9ress\u00e9es elles-m\u00eames ou par leur repr\u00e9sentant l\u00e9gal.<\/li>\n<li>Si l\u2019utilisateur fournit des donn\u00e9es \u00e0 des tiers, il d\u00e9clare disposer de leur consentement et assume la responsabilit\u00e9 de les informer au pr\u00e9alable du contenu de l\u2019article 14 du r\u00e8glement g\u00e9n\u00e9ral de protection des donn\u00e9es dans les conditions \u00e9tablies dans celui-ci, en lib\u00e9rant ANDR\u00c9S NAVARRO S.A. de toute responsabilit\u00e9 en ce sens.<\/li>\n<li>Nous ne traitons pas les cat\u00e9gories sp\u00e9ciales de donn\u00e9es personnelles (c\u2019est-\u00e0-dire les donn\u00e9es qui r\u00e9v\u00e8lent l\u2019origine raciale ou ethnique, les opinions politiques, les convictions religieuses ou philosophiques, l\u2019appartenance syndicale, le traitement des donn\u00e9es g\u00e9n\u00e9tiques, les donn\u00e9es biom\u00e9triques destin\u00e9es \u00e0 vous identifier de mani\u00e8re unique en tant que personne physique\u00a0; les donn\u00e9es relatives \u00e0 la sant\u00e9, \u00e0 la vie sexuelle ou \u00e0 l\u2019orientation sexuelle d\u2019une personne physique).<\/li>\n<\/ul>\n<\/div>\n<\/div>\n<\/div>\n<\/div>\n<div class=\"et_pb_row et_pb_row_7\">\n<div class=\"et_pb_column et_pb_column_4_4 et_pb_column_7 et_pb_css_mix_blend_mode_passthrough et-last-child\">\n<div class=\"et_pb_module et_pb_text et_pb_text_7 et_pb_text_align_left et_pb_bg_layout_light\">\n<div class=\"et_pb_text_inner\">\n<p><strong>Transferts de donn\u00e9es \u00e0 des pays tiers<\/strong><\/p>\n<p>&nbsp;<\/p>\n<ul>\n<li>Dans le cas des communications commerciales, ANDR\u00c9S NAVARRO S.A. utilise, pour traiter les informations fournies, la plate-forme d\u2019automatisation de Marqueting Mailchimp, et r\u00e9alise donc des transferts internationaux de donn\u00e9es aux USA, conform\u00e9ment \u00e0 sa politique de confidentialit\u00e9 <a href=\"https:\/\/mailchimp.com\/legal\/privacy\/%22%3ehttps:\/mailchimp.com\/legal\/privacy\/\">https:\/\/mailchimp.com\/legal\/privacy\/\u201d&gt;https:\/\/mailchimp.com\/legal\/privacy\/<\/a> et ses termes <a href=\"https:\/\/mailchimp.com\/legal\/terms\/%22%3ehttps:\/mailchimp.com\/legal\/terms\/\">https:\/\/mailchimp.com\/legal\/terms\/\u201d&gt;https:\/\/mailchimp.com\/legal\/terms\/<\/a>.<\/li>\n<\/ul>\n<p>Mailchimp, est une application de l\u2019entreprise The Rocket Science Group LLC d\/b\/a Mailchimp, a State of Georgia limited liability company d\u2019Atlanta, Georgia, entreprise d\u00fbment certifi\u00e9e dans le cadre du Bouclier de confidentialit\u00e9 USA. D\u00e9cision (UE) 2016\/1250\u00a0de la Commission, de 12\u00a0juillet 2016, Privacy Shield.<\/p>\n<\/div>\n<\/div>\n<\/div>\n<\/div>\n<div class=\"et_pb_row et_pb_row_8\">\n<div class=\"et_pb_column et_pb_column_4_4 et_pb_column_8 et_pb_css_mix_blend_mode_passthrough et-last-child\">\n<div class=\"et_pb_module et_pb_text et_pb_text_8 et_pb_text_align_left et_pb_bg_layout_light\">\n<div class=\"et_pb_text_inner\">\n<p><strong>Vos droits<\/strong><\/p>\n<p>&nbsp;<\/p>\n<ul>\n<li>Toute personne a le droit de savoir si ANDR\u00c9S NAVARRO S.A. traite ses donn\u00e9es personnelles ou pas.<\/li>\n<li>Les personnes int\u00e9ress\u00e9es ont le droit d\u2019acc\u00e9der \u00e0 leurs donn\u00e9es personnelles, ainsi que de demander la correction de celles qui sont inexactes, ou selon le cas, de demander leur suppression si, entre autres raisons, celles-ci ne sont plus n\u00e9cessaires aux fins pour lesquelles elles ont \u00e9t\u00e9 collect\u00e9es.<\/li>\n<li>Dans certaines circonstances, les personnes int\u00e9ress\u00e9es pourront demander la limitation du traitement de leur donn\u00e9es ou leur portabilit\u00e9, et dans ce cas, nous les conserverons uniquement pour l\u2019exercice ou la d\u00e9fense des r\u00e9clamations.<\/li>\n<li>Dans certaines circonstances, et pour des motifs li\u00e9s \u00e0 leur situation particuli\u00e8re, les personnes int\u00e9ress\u00e9es pourront s\u2019opposer au traitement de leurs donn\u00e9es. Dans ce cas, ANDR\u00c9S NAVARRO S.A. cessera de traiter leurs donn\u00e9es, sauf pour des motifs l\u00e9gaux imp\u00e9rieux qui pr\u00e9valent sur les int\u00e9r\u00eats et les droits et libert\u00e9s de la personne concern\u00e9e, ou pour la constatation, l\u2019exercice ou la d\u00e9fense de droits en justice.<\/li>\n<\/ul>\n<p>&nbsp;<\/p>\n<p>Vous pouvez exercer mat\u00e9riellement vos droits de la fa\u00e7on suivante\u00a0:<\/p>\n<p>\u2013 Par courrier postal, en joignant une copie de votre pi\u00e8ce nationale d\u2019identit\u00e9 \u00e0 :<\/p>\n<p>\u2013 Par courriel en joignant une copie de votre pi\u00e8ce nationale d\u2019identit\u00e9 \u00e0 :<\/p>\n<p>\u2013 Aux adresses postale ou \u00e9lectronique indiqu\u00e9es, vous trouverez les formulaires correspondants pour exercer vos droits de fa\u00e7on mat\u00e9rielle.<\/p>\n<p>&nbsp;<\/p>\n<ul>\n<li>Si vous avez pr\u00eat\u00e9 votre consentement \u00e0 des fins concr\u00e8tes, vous avez le droit de retirer ledit consentement \u00e0 tout moment, sans que cela affecte la lic\u00e9it\u00e9 du traitement bas\u00e9 sur votre consentement pr\u00e9alable au retrait.<\/li>\n<li>Finalement, nous vous informons que vous avez le droit de pr\u00e9senter une r\u00e9clamation aupr\u00e8s de l\u2019Agence nationale de protection des donn\u00e9es, si vous consid\u00e9rez que vos droits ont \u00e9t\u00e9 viol\u00e9s. Vous trouverez les coordonn\u00e9es de l\u2019agence susmentionn\u00e9e sur le lien suivant\u00a0: <a href=\"http:\/\/www.agpd.es\/\">www.agpd.es<\/a>.<\/li>\n<\/ul>\n<\/div>\n<\/div>\n<\/div>\n<\/div>\n<\/div>\n","protected":false},"excerpt":{"rendered":"<p>En ANDR\u00c9S NAVARRO S.A. s\u2019efforce de garantir la confidentialit\u00e9 lors du traitement de vos donn\u00e9es personnelles. Nous avons mis \u00e0<\/p>\n","protected":false},"author":1,"featured_media":0,"parent":0,"menu_order":0,"comment_status":"closed","ping_status":"closed","template":"","meta":[],"yoast_head":"<title>Politique de confidentialit\u00e9 - Andr\u00e9s Navarro - Especialistas en Tejidos<\/title>\n<meta name=\"robots\" content=\"index, follow, max-snippet:-1, max-image-preview:large, max-video-preview:-1\" \/>\n<link rel=\"canonical\" href=\"https:\/\/andresnavarro.es\/fr\/politique-de-confidentialite\/\" \/>\n<meta property=\"og:locale\" content=\"fr_FR\" \/>\n<meta property=\"og:type\" content=\"article\" \/>\n<meta property=\"og:title\" content=\"Politique de confidentialit\u00e9 - Andr\u00e9s Navarro - Especialistas en Tejidos\" \/>\n<meta property=\"og:description\" content=\"En ANDR\u00c9S NAVARRO S.A. s\u2019efforce de garantir la confidentialit\u00e9 lors du traitement de vos donn\u00e9es personnelles. Nous avons mis \u00e0\" \/>\n<meta property=\"og:url\" content=\"https:\/\/andresnavarro.es\/fr\/politique-de-confidentialite\/\" \/>\n<meta property=\"og:site_name\" content=\"Andr\u00e9s Navarro - Especialistas en Tejidos\" \/>\n<meta property=\"article:modified_time\" content=\"2020-08-03T12:12:20+00:00\" \/>\n<meta name=\"twitter:card\" content=\"summary_large_image\" \/>\n<meta name=\"twitter:label1\" content=\"Dur\u00e9e de lecture est.\">\n\t<meta name=\"twitter:data1\" content=\"8 minutes\">\n<script type=\"application\/ld+json\" class=\"yoast-schema-graph\">{\"@context\":\"https:\/\/schema.org\",\"@graph\":[{\"@type\":\"Organization\",\"@id\":\"https:\/\/andresnavarro.es\/fr\/#organization\",\"name\":\"Andres Navarro S.A.\",\"url\":\"https:\/\/andresnavarro.es\/fr\/\",\"sameAs\":[],\"logo\":{\"@type\":\"ImageObject\",\"@id\":\"https:\/\/andresnavarro.es\/fr\/#logo\",\"inLanguage\":\"fr-FR\",\"url\":\"https:\/\/andresnavarro.es\/wp-content\/uploads\/2019\/12\/logo_andres_navarro.png\",\"width\":634,\"height\":221,\"caption\":\"Andres Navarro S.A.\"},\"image\":{\"@id\":\"https:\/\/andresnavarro.es\/fr\/#logo\"}},{\"@type\":\"WebSite\",\"@id\":\"https:\/\/andresnavarro.es\/fr\/#website\",\"url\":\"https:\/\/andresnavarro.es\/fr\/\",\"name\":\"Andr\\u00e9s Navarro - Especialistas en Tejidos\",\"description\":\"Distribuci\\u00f3n de tejidos\",\"publisher\":{\"@id\":\"https:\/\/andresnavarro.es\/fr\/#organization\"},\"potentialAction\":[{\"@type\":\"SearchAction\",\"target\":\"https:\/\/andresnavarro.es\/fr\/?s={search_term_string}\",\"query-input\":\"required name=search_term_string\"}],\"inLanguage\":\"fr-FR\"},{\"@type\":\"WebPage\",\"@id\":\"https:\/\/andresnavarro.es\/fr\/politique-de-confidentialite\/#webpage\",\"url\":\"https:\/\/andresnavarro.es\/fr\/politique-de-confidentialite\/\",\"name\":\"Politique de confidentialit\\u00e9 - Andr\\u00e9s Navarro - Especialistas en Tejidos\",\"isPartOf\":{\"@id\":\"https:\/\/andresnavarro.es\/fr\/#website\"},\"datePublished\":\"2020-06-23T09:33:34+00:00\",\"dateModified\":\"2020-08-03T12:12:20+00:00\",\"breadcrumb\":{\"@id\":\"https:\/\/andresnavarro.es\/fr\/politique-de-confidentialite\/#breadcrumb\"},\"inLanguage\":\"fr-FR\",\"potentialAction\":[{\"@type\":\"ReadAction\",\"target\":[\"https:\/\/andresnavarro.es\/fr\/politique-de-confidentialite\/\"]}]},{\"@type\":\"BreadcrumbList\",\"@id\":\"https:\/\/andresnavarro.es\/fr\/politique-de-confidentialite\/#breadcrumb\",\"itemListElement\":[{\"@type\":\"ListItem\",\"position\":1,\"item\":{\"@type\":\"WebPage\",\"@id\":\"https:\/\/andresnavarro.es\/fr\/\",\"url\":\"https:\/\/andresnavarro.es\/fr\/\",\"name\":\"Portada\"}},{\"@type\":\"ListItem\",\"position\":2,\"item\":{\"@type\":\"WebPage\",\"@id\":\"https:\/\/andresnavarro.es\/fr\/politique-de-confidentialite\/\",\"url\":\"https:\/\/andresnavarro.es\/fr\/politique-de-confidentialite\/\",\"name\":\"Politique de confidentialit\\u00e9\"}}]}]}<\/script>","_links":{"self":[{"href":"https:\/\/andresnavarro.es\/fr\/wp-json\/wp\/v2\/pages\/26938"}],"collection":[{"href":"https:\/\/andresnavarro.es\/fr\/wp-json\/wp\/v2\/pages"}],"about":[{"href":"https:\/\/andresnavarro.es\/fr\/wp-json\/wp\/v2\/types\/page"}],"author":[{"embeddable":true,"href":"https:\/\/andresnavarro.es\/fr\/wp-json\/wp\/v2\/users\/1"}],"replies":[{"embeddable":true,"href":"https:\/\/andresnavarro.es\/fr\/wp-json\/wp\/v2\/comments?post=26938"}],"version-history":[{"count":4,"href":"https:\/\/andresnavarro.es\/fr\/wp-json\/wp\/v2\/pages\/26938\/revisions"}],"predecessor-version":[{"id":27056,"href":"https:\/\/andresnavarro.es\/fr\/wp-json\/wp\/v2\/pages\/26938\/revisions\/27056"}],"wp:attachment":[{"href":"https:\/\/andresnavarro.es\/fr\/wp-json\/wp\/v2\/media?parent=26938"}],"curies":[{"name":"wp","href":"https:\/\/api.w.org\/{rel}","templated":true}]}}