{"id":26936,"date":"2020-06-23T09:28:58","date_gmt":"2020-06-23T09:28:58","guid":{"rendered":"https:\/\/andresnavarro.es\/?page_id=26936"},"modified":"2020-06-23T09:28:58","modified_gmt":"2020-06-23T09:28:58","slug":"mentions-legales","status":"publish","type":"page","link":"https:\/\/andresnavarro.es\/fr\/mentions-legales\/","title":{"rendered":"Mentions Legales"},"content":{"rendered":"<div class=\"et_pb_section et_pb_section_1 et_section_regular\">\n<div class=\"et_pb_row et_pb_row_0\">\n<div class=\"et_pb_column et_pb_column_4_4 et_pb_column_0 et_pb_css_mix_blend_mode_passthrough et-last-child\">\n<div class=\"et_pb_module et_pb_text et_pb_text_0 et_pb_text_align_left et_pb_bg_layout_light\">\n<div class=\"et_pb_text_inner\">\n<p>En ANDRES NAVARRO S.A. s\u2019efforce de garantir la confidentialit\u00e9 lors du traitement de vos donn\u00e9es personnelles. Nous avons mis \u00e0 jour notre Politique de confidentialit\u00e9 pour informer clairement sur la fa\u00e7on dont nous collectons, utilisons et conservons les donn\u00e9es des personnes qui contactent notre organisation :<\/p>\n<ul>\n<li>Responsable du traitement<\/li>\n<li>Finalit\u00e9s du traitement des donn\u00e9es<\/li>\n<li>P\u00e9riode de conservation des donn\u00e9es<\/li>\n<li>L\u00e9gitimation pour traiter les donn\u00e9es<\/li>\n<li>Communication des donn\u00e9es<\/li>\n<li>Obtention de vos donn\u00e9es et des donn\u00e9es de tiers<\/li>\n<li>Transferts de donn\u00e9es internationaux<\/li>\n<li>Vos droits<\/li>\n<\/ul>\n<\/div>\n<\/div>\n<\/div>\n<\/div>\n<div class=\"et_pb_row et_pb_row_1\">\n<div class=\"et_pb_column et_pb_column_4_4 et_pb_column_1 et_pb_css_mix_blend_mode_passthrough et-last-child\">\n<div class=\"et_pb_module et_pb_text et_pb_text_1 et_pb_text_align_left et_pb_bg_layout_light\">\n<div class=\"et_pb_text_inner\">\n<h3>Responsable du traitement de vos donn\u00e9es<\/h3>\n<ul>\n<li>Raison sociale : ANDRES NAVARRO S.A.<\/li>\n<li>Nom commercial : ANDRES NAVARRO S.A.<\/li>\n<li>NIF : <span class=\"st\">A08889099<\/span><\/li>\n<li>Adresse postale : Carrer de Tucuman, 2 bis, 4, 6, 08030 Barcelona<\/li>\n<li>T\u00e9l\u00e9phone : +34 <span class=\"section-info-text\"><span class=\"widget-pane-link\">932 47 01 49<\/span><\/span><\/li>\n<li>E-mail : <a href=\"mailto:info@andresnavarro.es\">info@andresnavarro.es<\/a><\/li>\n<\/ul>\n<\/div>\n<\/div>\n<\/div>\n<\/div>\n<div class=\"et_pb_row et_pb_row_2\">\n<div class=\"et_pb_column et_pb_column_4_4 et_pb_column_2 et_pb_css_mix_blend_mode_passthrough et-last-child\">\n<div class=\"et_pb_module et_pb_text et_pb_text_2 et_pb_text_align_left et_pb_bg_layout_light\">\n<div class=\"et_pb_text_inner\">\n<h3>Finalit\u00e9 du traitement de vos donn\u00e9es<\/h3>\n<p>ANDRES NAVARRO S.A. traite les donn\u00e9es des utilisateurs de fa\u00e7on manuelle et\/ou automatis\u00e9e, en fonction du motif pour lesquelles elles ont \u00e9t\u00e9 fournies, aux fins suivantes :<\/p>\n<ol>\n<li>Traiter les donn\u00e9es fournies directement par la personne int\u00e9ress\u00e9e, en qualit\u00e9 de particulier, professionnel ou repr\u00e9sentant de son entreprise, pour r\u00e9pondre aux demandes, questions ou consultations et faire un suivi.<\/li>\n<li>Traiter les donn\u00e9es fournies par l\u2019utilisateur au moment de la souscription de nos services et produits, au niveau organisationnel, comptable, fiscal et administratif.<\/li>\n<li>Traiter les donn\u00e9es de contact particuli\u00e8res et\/ou professionnelles de l\u2019utilisateur, pour sa participation \u00e0 diverses promotions, tirages au sort, activit\u00e9s et \u00e9v\u00e8nements, que nous organisons et que nous avons \u00e9t\u00e9 autoris\u00e9s \u00e0 divulguer sur d\u2019autres promotions, activit\u00e9s ou \u00e9v\u00e8nements que nous organisions et soient susceptibles de l\u2019int\u00e9resser.<\/li>\n<li>Envoyer r\u00e9guli\u00e8rement des e-mails sur les diff\u00e9rentes promotions, tirages au sort, activit\u00e9s, \u00e9v\u00e8nements et actualit\u00e9s relatives \u00e0 notre organisation.<\/li>\n<li>Envoyer notre Newsletter, en cas d\u2019inscription \u00e0 celle-ci, en traitant les donn\u00e9es fournies \u00e0 tel effet.<\/li>\n<li>R\u00e9diger des rapports de statistiques anonymes concernant les habitudes d\u2019acc\u00e8s et les activit\u00e9s d\u00e9velopp\u00e9es par les utilisateurs sur la plate-forme.<\/li>\n<li>R\u00e9aliser, s\u2019il y a lieu, le profil de l\u2019utilisateur et lancer des actions commerciales adapt\u00e9es audit profil, en utilisant les donn\u00e9es obtenues du traitement des produits acquis comme ses donn\u00e9es de navigation, habitudes d\u2019acc\u00e8s et autres, afin de lui proposer des produits et des services de fa\u00e7on personnalis\u00e9e.<\/li>\n<\/ol>\n<\/div>\n<\/div>\n<\/div>\n<\/div>\n<div class=\"et_pb_row et_pb_row_3\">\n<div class=\"et_pb_column et_pb_column_4_4 et_pb_column_3 et_pb_css_mix_blend_mode_passthrough et-last-child\">\n<div class=\"et_pb_module et_pb_text et_pb_text_3 et_pb_text_align_left et_pb_bg_layout_light\">\n<div class=\"et_pb_text_inner\">\n<h3>P\u00e9riode de conservation de vos donn\u00e9es.<\/h3>\n<ul>\n<li>Les donn\u00e9es destin\u00e9es \u00e0 la gestion de la<strong>relation avec le client et la facturation et encaissement des services<\/strong> seront conserv\u00e9es pendant toute la dur\u00e9e de validit\u00e9 de la relation contractuelle. \u00c0 l\u2019issue de cette relation, les donn\u00e9es pourront \u00eatre conserv\u00e9es pendant le d\u00e9lai exig\u00e9 par la loi applicable et jusqu\u2019\u00e0 la prescription des \u00e9ventuelles responsabilit\u00e9s d\u00e9riv\u00e9es du contrat.<\/li>\n<li>Les donn\u00e9es destin\u00e9es au <strong>traitement des questions et demandes<\/strong> seront conserv\u00e9es pendant toute la dur\u00e9e n\u00e9cessaire pour y r\u00e9pondre, avec un d\u00e9lai maximum d\u2019un an<\/li>\n<li>Les donn\u00e9es relatives aux <strong>publications de commentaires<\/strong> sur nos produits et services seront maintenues pendant la dur\u00e9e de validit\u00e9 et la publication des produits ou services auxquels elles font r\u00e9f\u00e9rence, sauf demande expresse qu\u2019elles soient \u00e9limin\u00e9es, que vous pouvez r\u00e9aliser \u00e0 tout moment.<\/li>\n<li>Les donn\u00e9es de contact pour votre participation aux <strong>promotions, tirages au sort, activit\u00e9s et \u00e9v\u00e8nements <\/strong>, seront conserv\u00e9es pendant la dur\u00e9e de ceux-ci, conform\u00e9ment aux bases sp\u00e9cifiques, afin de traiter leur d\u00e9roulement puis jusqu\u2019\u00e0 la prescription des \u00e9ventuelles responsabilit\u00e9s d\u00e9riv\u00e9es de leur r\u00e9alisation ou jusqu\u2019\u00e0, selon le cas, que vous nous indiquiez votre volont\u00e9 de r\u00e9voquer votre consentement.<\/li>\n<li>Les donn\u00e9es pour l\u2019envoi des <strong>Newsletters<\/strong> seront conserv\u00e9es de fa\u00e7on ind\u00e9termin\u00e9e, sauf indication contraire ou si l\u2019utilisateur s\u2019y oppose ou r\u00e9voque son consentement.<\/li>\n<li>Les donn\u00e9es pour l\u2019envoi des <strong>courriers commerciaux et l\u2019\u00e9laboration des profils commerciaux<\/strong> de nos produits ou services seront conserv\u00e9es de fa\u00e7on ind\u00e9termin\u00e9e \u00e0 moins que la personne int\u00e9ress\u00e9e r\u00e9voque son consentement.<\/li>\n<\/ul>\n<\/div>\n<\/div>\n<\/div>\n<\/div>\n<div class=\"et_pb_row et_pb_row_4\">\n<div class=\"et_pb_column et_pb_column_4_4 et_pb_column_4 et_pb_css_mix_blend_mode_passthrough et-last-child\">\n<div class=\"et_pb_module et_pb_text et_pb_text_4 et_pb_text_align_left et_pb_bg_layout_light\">\n<div class=\"et_pb_text_inner\">\n<h3>Base juridique pour le traitement de vos donn\u00e9es<\/h3>\n<ul>\n<li>La base juridique pour le traitement de vos donn\u00e9es en vue de la souscription de services, paiement, facturation et envois correspondants est l\u2019ex\u00e9cution du contrat.<\/li>\n<li>L\u2019offre prospective d\u2019information commerciale sur les promotions, tirages au sort et \u00e9v\u00e8nements aux clients, dont la base juridique est la satisfaction de l\u2019int\u00e9r\u00eat l\u00e9gal l\u00e9gitime de l\u2019entreprise consistant \u00e0 offrir \u00e0 nos clients la souscription d\u2019autres produits ou services li\u00e9s \u00e0 notre activit\u00e9 professionnelle et de les fid\u00e9liser. Laite base juridique est reconnue par la norme l\u00e9gale applicable (R\u00e8glement G\u00e9n\u00e9ral de Protection des Donn\u00e9es), qui permet express\u00e9ment le traitement des donn\u00e9es personnelles sur cette base l\u00e9gale, aux fins de d\u00e9marchage.<br \/>\nNonobstant, nous vous rappelons que vous avez le droit de vous opposer au traitement de ces donn\u00e9es, en utilisant n\u2019importe quelle m\u00e9thode indiqu\u00e9e dans cette Politique.<\/li>\n<li>La base de l\u2019envoi de correspondance commerciale aux utilisateurs qui ne sont pas des clients est le consentement de la personne int\u00e9ress\u00e9e qui en a fait la demande, et peut \u00eatre r\u00e9voqu\u00e9e \u00e0 tout moment. Le retrait dudit consentement n\u2019affectera en aucun cas l\u2019ex\u00e9cution du contrat mais les traitements de donn\u00e9es \u00e0 telle fin effectu\u00e9s au pr\u00e9alable ne perdront pas leur lic\u00e9it\u00e9 du fait du retrait du consentement.<\/li>\n<\/ul>\n<\/div>\n<\/div>\n<\/div>\n<\/div>\n<\/div>\n","protected":false},"excerpt":{"rendered":"<p>En ANDRES NAVARRO S.A. s\u2019efforce de garantir la confidentialit\u00e9 lors du traitement de vos donn\u00e9es personnelles. Nous avons mis \u00e0<\/p>\n","protected":false},"author":1,"featured_media":0,"parent":0,"menu_order":0,"comment_status":"closed","ping_status":"closed","template":"","meta":[],"yoast_head":"<title>Mentions Legales - Andr\u00e9s Navarro - Especialistas en Tejidos<\/title>\n<meta name=\"robots\" content=\"index, follow, max-snippet:-1, max-image-preview:large, max-video-preview:-1\" \/>\n<link rel=\"canonical\" href=\"https:\/\/andresnavarro.es\/fr\/mentions-legales\/\" \/>\n<meta property=\"og:locale\" content=\"fr_FR\" \/>\n<meta property=\"og:type\" content=\"article\" \/>\n<meta property=\"og:title\" content=\"Mentions Legales - Andr\u00e9s Navarro - Especialistas en Tejidos\" \/>\n<meta property=\"og:description\" content=\"En ANDRES NAVARRO S.A. s\u2019efforce de garantir la confidentialit\u00e9 lors du traitement de vos donn\u00e9es personnelles. Nous avons mis \u00e0\" \/>\n<meta property=\"og:url\" content=\"https:\/\/andresnavarro.es\/fr\/mentions-legales\/\" \/>\n<meta property=\"og:site_name\" content=\"Andr\u00e9s Navarro - Especialistas en Tejidos\" \/>\n<meta name=\"twitter:card\" content=\"summary_large_image\" \/>\n<meta name=\"twitter:label1\" content=\"Dur\u00e9e de lecture est.\">\n\t<meta name=\"twitter:data1\" content=\"5 minutes\">\n<script type=\"application\/ld+json\" class=\"yoast-schema-graph\">{\"@context\":\"https:\/\/schema.org\",\"@graph\":[{\"@type\":\"Organization\",\"@id\":\"https:\/\/andresnavarro.es\/fr\/#organization\",\"name\":\"Andres Navarro S.A.\",\"url\":\"https:\/\/andresnavarro.es\/fr\/\",\"sameAs\":[],\"logo\":{\"@type\":\"ImageObject\",\"@id\":\"https:\/\/andresnavarro.es\/fr\/#logo\",\"inLanguage\":\"fr-FR\",\"url\":\"https:\/\/andresnavarro.es\/wp-content\/uploads\/2019\/12\/logo_andres_navarro.png\",\"width\":634,\"height\":221,\"caption\":\"Andres Navarro S.A.\"},\"image\":{\"@id\":\"https:\/\/andresnavarro.es\/fr\/#logo\"}},{\"@type\":\"WebSite\",\"@id\":\"https:\/\/andresnavarro.es\/fr\/#website\",\"url\":\"https:\/\/andresnavarro.es\/fr\/\",\"name\":\"Andr\\u00e9s Navarro - Especialistas en Tejidos\",\"description\":\"Distribuci\\u00f3n de tejidos\",\"publisher\":{\"@id\":\"https:\/\/andresnavarro.es\/fr\/#organization\"},\"potentialAction\":[{\"@type\":\"SearchAction\",\"target\":\"https:\/\/andresnavarro.es\/fr\/?s={search_term_string}\",\"query-input\":\"required name=search_term_string\"}],\"inLanguage\":\"fr-FR\"},{\"@type\":\"WebPage\",\"@id\":\"https:\/\/andresnavarro.es\/fr\/mentions-legales\/#webpage\",\"url\":\"https:\/\/andresnavarro.es\/fr\/mentions-legales\/\",\"name\":\"Mentions Legales - Andr\\u00e9s Navarro - Especialistas en Tejidos\",\"isPartOf\":{\"@id\":\"https:\/\/andresnavarro.es\/fr\/#website\"},\"datePublished\":\"2020-06-23T09:28:58+00:00\",\"dateModified\":\"2020-06-23T09:28:58+00:00\",\"breadcrumb\":{\"@id\":\"https:\/\/andresnavarro.es\/fr\/mentions-legales\/#breadcrumb\"},\"inLanguage\":\"fr-FR\",\"potentialAction\":[{\"@type\":\"ReadAction\",\"target\":[\"https:\/\/andresnavarro.es\/fr\/mentions-legales\/\"]}]},{\"@type\":\"BreadcrumbList\",\"@id\":\"https:\/\/andresnavarro.es\/fr\/mentions-legales\/#breadcrumb\",\"itemListElement\":[{\"@type\":\"ListItem\",\"position\":1,\"item\":{\"@type\":\"WebPage\",\"@id\":\"https:\/\/andresnavarro.es\/fr\/\",\"url\":\"https:\/\/andresnavarro.es\/fr\/\",\"name\":\"Portada\"}},{\"@type\":\"ListItem\",\"position\":2,\"item\":{\"@type\":\"WebPage\",\"@id\":\"https:\/\/andresnavarro.es\/fr\/mentions-legales\/\",\"url\":\"https:\/\/andresnavarro.es\/fr\/mentions-legales\/\",\"name\":\"Mentions Legales\"}}]}]}<\/script>","_links":{"self":[{"href":"https:\/\/andresnavarro.es\/fr\/wp-json\/wp\/v2\/pages\/26936"}],"collection":[{"href":"https:\/\/andresnavarro.es\/fr\/wp-json\/wp\/v2\/pages"}],"about":[{"href":"https:\/\/andresnavarro.es\/fr\/wp-json\/wp\/v2\/types\/page"}],"author":[{"embeddable":true,"href":"https:\/\/andresnavarro.es\/fr\/wp-json\/wp\/v2\/users\/1"}],"replies":[{"embeddable":true,"href":"https:\/\/andresnavarro.es\/fr\/wp-json\/wp\/v2\/comments?post=26936"}],"version-history":[{"count":1,"href":"https:\/\/andresnavarro.es\/fr\/wp-json\/wp\/v2\/pages\/26936\/revisions"}],"predecessor-version":[{"id":26937,"href":"https:\/\/andresnavarro.es\/fr\/wp-json\/wp\/v2\/pages\/26936\/revisions\/26937"}],"wp:attachment":[{"href":"https:\/\/andresnavarro.es\/fr\/wp-json\/wp\/v2\/media?parent=26936"}],"curies":[{"name":"wp","href":"https:\/\/api.w.org\/{rel}","templated":true}]}}