{"id":26946,"date":"2020-06-23T09:44:20","date_gmt":"2020-06-23T09:44:20","guid":{"rendered":"https:\/\/andresnavarro.es\/?page_id=26946"},"modified":"2020-08-03T12:04:44","modified_gmt":"2020-08-03T12:04:44","slug":"politica-de-galetes","status":"publish","type":"page","link":"https:\/\/andresnavarro.es\/ca\/politica-de-galetes\/","title":{"rendered":"Pol\u00edtica de galetes"},"content":{"rendered":"<div class=\"et_pb_section et_pb_section_1 et_section_regular\">\n<div class=\"et_pb_row et_pb_row_0\">\n<div class=\"et_pb_column et_pb_column_4_4 et_pb_column_0 et_pb_css_mix_blend_mode_passthrough et-last-child\">\n<div class=\"et_pb_module et_pb_text et_pb_text_0 et_pb_text_align_left et_pb_bg_layout_light\">\n<div class=\"et_pb_text_inner\">\n<h3>Qu\u00e8 \u00e9s una galeta?<\/h3>\n<p>Una galeta \u00e9s un fitxer que es descarrega a l\u2019ordinador quan l\u2019usuari entra a determinades p\u00e0gines web. Les galetes permeten que una p\u00e0gina web, entre altres accions, desi i recuperi informaci\u00f3 sobre els h\u00e0bits de navegaci\u00f3 d\u2019un usuari o del seu equip i, depenent de la informaci\u00f3 que continguin i de com faci servir l\u2019equip, es poden utilitzar per recon\u00e8ixer l\u2019usuari.<\/p>\n<\/div>\n<\/div>\n<\/div>\n<\/div>\n<div class=\"et_pb_row et_pb_row_1\">\n<div class=\"et_pb_column et_pb_column_4_4 et_pb_column_1 et_pb_css_mix_blend_mode_passthrough et-last-child\">\n<div class=\"et_pb_module et_pb_text et_pb_text_1 et_pb_text_align_left et_pb_bg_layout_light\">\n<div class=\"et_pb_text_inner\">\n<h3>Quins tipus de galetes hi ha?<\/h3>\n<p>Hi ha diversos tipus de galetes segons diversos criteris:<\/p>\n<p>Segons el temps que es mantenen activades:<\/p>\n<ul>\n<li>Galetes de sessi\u00f3. S\u00f3n un tipus de galetes dissenyades per obtenir i desar dades mentre l\u2019usuari entra a una p\u00e0gina web.<\/li>\n<li>Galetes permanents. S\u00f3n un tipus de galetes en qu\u00e8 les dades continuen desades al terminal i es poden consultar i tractar durant un per\u00edode definit pel responsable de la galeta.<\/li>\n<\/ul>\n<p>Segons la titularitat:<\/p>\n<ul>\n<li>Galetes pr\u00f2pies. S\u00f3n les que pertanyen a ANDR\u00c9S NAVARRO S.A.<\/li>\n<li>Galetes de tercers. S\u00f3n les que tenen titularitat d\u2019un tercer, diferent de ANDR\u00c9S NAVARRO S.A., que tractar\u00e0 la informaci\u00f3 obtinguda.<\/li>\n<\/ul>\n<p>Segons la seva finalitat:<\/p>\n<ul>\n<li>Galetes t\u00e8cniques o de personalitzaci\u00f3. S\u00f3n les que serveixen per millorar el servei, localitzar incid\u00e8ncies, recon\u00e8ixer l\u2019usuari, etc.<\/li>\n<li>Galetes d\u2019an\u00e0lisi o de publicitat. S\u00f3n les que serveixen per analitzar informaci\u00f3 sobre la navegaci\u00f3 i oferir publicitat, sigui gen\u00e8rica o personalitzada.<\/li>\n<\/ul>\n<\/div>\n<\/div>\n<\/div>\n<\/div>\n<div class=\"et_pb_row et_pb_row_2\">\n<div class=\"et_pb_column et_pb_column_4_4 et_pb_column_2 et_pb_css_mix_blend_mode_passthrough et-last-child\">\n<div class=\"et_pb_module et_pb_text et_pb_text_2 et_pb_text_align_left et_pb_bg_layout_light\">\n<div class=\"et_pb_text_inner\">\n<h3>Quins tipus de galetes s\u00f3n m\u00e9s habituals?<\/h3>\n<p>T\u00c8CNIQUES: s\u00f3n galetes PR\u00d2PIES, de sessi\u00f3, d\u2019identificaci\u00f3, de configuraci\u00f3 i de registre, estrictament necess\u00e0ries per a la identificaci\u00f3 de l\u2019usuari i per a la prestaci\u00f3 dels serveis sol\u00b7licitats per l\u2019usuari. La informaci\u00f3 obtinguda per mitj\u00e0 d\u2019aquestes galetes solament \u00e9s tractada per ANDR\u00c9S NAVARRO S.A.<\/p>\n<p>D\u2019AN\u00c0LISI: s\u00f3n les que, ben tractades per nosaltres o per tercers, ens permeten quantificar els usuaris i aix\u00ed fer el mesurament i l\u2019an\u00e0lisi estad\u00edstica de l\u2019\u00fas que fan els usuaris del servei ofert. Per fer-ho s\u2019analitza la seva navegaci\u00f3 al nostre lloc web amb la finalitat de millorar l\u2019oferta de productes o serveis que li oferim.<\/p>\n<p>DE PUBLICITAT: s\u00f3n les que, ben tractades per nosaltres o per tercers, permeten gestionar, de la manera m\u00e9s efica\u00e7 possible, els espais publicitaris que es poden incloure al nostre lloc web o desen informaci\u00f3 del comportament dels usuaris obtinguda per mitj\u00e0 de l\u2019observaci\u00f3 continuada. Gr\u00e0cies a aquestes galetes podem con\u00e8ixer els h\u00e0bits de navegaci\u00f3 a Internet i li podem mostrar publicitat relacionada amb el seu perfil de navegaci\u00f3.<\/p>\n<\/div>\n<\/div>\n<\/div>\n<\/div>\n<div class=\"et_pb_row et_pb_row_3\">\n<div class=\"et_pb_column et_pb_column_4_4 et_pb_column_3 et_pb_css_mix_blend_mode_passthrough et-last-child\">\n<div class=\"et_pb_module et_pb_text et_pb_text_3 et_pb_text_align_left et_pb_bg_layout_light\">\n<div class=\"et_pb_text_inner\">\n<h3>De qu\u00e8 serveix una galeta?<\/h3>\n<p>Les galetes s\u2019utilitzen per oferir-li serveis o publicitat personalitzats, per analitzar el funcionament del sistema, recon\u00e8ixer-lo quan accedeix com a usuari, localitzar incid\u00e8ncies i problemes i solucionar-los com m\u00e9s aviat millor, aix\u00ed com analitzar i mesurar l\u2019\u00fas i l\u2019activitat del lloc web.<\/p>\n<\/div>\n<\/div>\n<\/div>\n<\/div>\n<div class=\"et_pb_row et_pb_row_4\">\n<div class=\"et_pb_column et_pb_column_4_4 et_pb_column_4 et_pb_css_mix_blend_mode_passthrough et-last-child\">\n<div class=\"et_pb_module et_pb_text et_pb_text_4 et_pb_text_align_left et_pb_bg_layout_light\">\n<div class=\"et_pb_text_inner\">\n<h3>Cal el meu consentiment per instal\u00b7lar una galeta?<\/h3>\n<p>No \u00e9s necessari el consentiment per instal\u00b7lar galetes t\u00e8cniques o estrictament necess\u00e0ries per prestar un servei de la societat de la informaci\u00f3 sol\u00b7licitat de manera expressa pel destinatari.<\/p>\n<p>Per a la resta, s\u00ed que cal el consentiment de l\u2019interessat. Aquest consentiment es pot sol\u00b7licitar per diferents vies. En el cas de ANDR\u00c9S NAVARRO S.A., s\u2019ent\u00e9n atorgat si continua fent servir el lloc web, sense perjudici que en qualsevol moment el podr\u00e0 revocar i desactivar les galetes.<\/p>\n<\/div>\n<\/div>\n<\/div>\n<\/div>\n<div class=\"et_pb_row et_pb_row_5\">\n<div class=\"et_pb_column et_pb_column_4_4 et_pb_column_5 et_pb_css_mix_blend_mode_passthrough et-last-child\">\n<div class=\"et_pb_module et_pb_text et_pb_text_5 et_pb_text_align_left et_pb_bg_layout_light\">\n<div class=\"et_pb_text_inner\">\n<h3>Quins tipus de galetes utilitza aquest lloc web?<\/h3>\n<p>Galetes t\u00e8cniques: s\u00f3n les creades i gestionades solament per nosaltres i permeten a l\u2019usuari navegar pel nostre lloc web i fer servir opcions com ara identificar la sessi\u00f3, personalitzar informaci\u00f3 o accedir a zones d\u2019acc\u00e9s restringit.<\/p>\n<p>El lloc web de ANDR\u00c9S NAVARRO S.A., utilitza (o pot utilitzar) Google Analytics, una eina anal\u00edtica web desenvolupada per Google que ajuda els propietaris de llocs web a mesurar com interactuen els usuaris amb el contingut del lloc. Per prestar aquests serveis, Google Analytics fa servir galetes que recopilen la informaci\u00f3, inclosa l\u2019adre\u00e7a IP de l\u2019usuari, que Google transmetr\u00e0, tractar\u00e0 i emmagatzemar\u00e0 en els termes fixats al web Google.com.<br \/>\nM\u00e9s informaci\u00f3 a:<\/p>\n<p><a href=\"https:\/\/developers.google.com\/analytics\/devguides\/collection\/analyticsjs\/cookie-usage\">https:\/\/developers.google.com\/analytics\/devguides\/collection\/analyticsjs\/cookie-usage<\/a><\/p>\n<p>El domini web www.andresnavarro.es fa servir els tipus de galetes seg\u00fcents:<\/p>\n<table>\n<thead>\n<tr>\n<td>Nom de la galeta<\/td>\n<td>Finalitat<\/td>\n<td>Expira<\/td>\n<\/tr>\n<\/thead>\n<tbody>\n<tr>\n<td>_ga<\/td>\n<td>S\u2019utilitza per diferenciar entre usuaris i sessions. La galeta es crea quan es carrega la llibreta JavaScript i no hi ha una versi\u00f3 pr\u00e8via de la galeta _ga. La galeta s\u2019utilitza cada vegada que envia les dades a Google Analytics.<\/td>\n<td>2 anys<\/td>\n<\/tr>\n<tr>\n<td>_gat<\/td>\n<td>S\u2019utilitza per limitar el tant per cent de sol\u00b7licituds. Si has implementat Google Analytics mitjan\u00e7ant Google Tag Manager, aquesta galeta es dir\u00e0 _dc_gtm_.<\/td>\n<td>1\u00a0minut<\/td>\n<\/tr>\n<tr>\n<td>_gid<\/td>\n<td>S\u2019utilitza per distingir els usuaris. Galeta de Google Analytics.<\/td>\n<td>24 hores<\/td>\n<\/tr>\n<tr>\n<td>language<\/td>\n<td>Aquesta galeta est\u00e0 associada a WordPress. Desa una prefer\u00e8ncia d\u2019idioma per al visitant per donar suport a webs multiling\u00fces. Quan s\u2019estableix com a galeta persistent o amb la vida \u00fatil predeterminada d\u2019un any, s\u2019ha de considerar funcional en comptes d\u2019estrictament necess\u00e0ria.<br \/>\nL\u2019objectiu principal d\u2019aquesta galeta \u00e9s la funcionalitat.<\/td>\n<td>1 any<\/td>\n<\/tr>\n<tr>\n<td>PHPSESSID<\/td>\n<td>La seva finalitat \u00e9s controlar la sessi\u00f3 de l\u2019usuari. \u00c9s necess\u00e0ria per navegar i perqu\u00e8 el nostre lloc web funcioni b\u00e9.<\/td>\n<td>Quan acaba la sessi\u00f3<\/td>\n<\/tr>\n<\/tbody>\n<\/table>\n<\/div>\n<\/div>\n<\/div>\n<\/div>\n<div class=\"et_pb_row et_pb_row_6\">\n<div class=\"et_pb_column et_pb_column_4_4 et_pb_column_6 et_pb_css_mix_blend_mode_passthrough et-last-child\">\n<div class=\"et_pb_module et_pb_text et_pb_text_6 et_pb_text_align_left et_pb_bg_layout_light\">\n<div class=\"et_pb_text_inner\">\n<h3>Com desactivar galetes?<\/h3>\n<p>Pot permetre, bloquejar o eliminar les galetes instal\u00b7lades al seu equip mitjan\u00e7ant la configuraci\u00f3 de les opcions del navegador instal\u00b7lat en el seu ordinador.<\/p>\n<p>Firefox: https:\/\/support.mozilla.org\/es\/kb\/habilitar-y-deshabilitar-cookies-sitios-web-rastrear-preferencias?redirectlocale=es&amp;redirectslug=habilitar-i-deshabilitar-cookies-que-els-llocs-we<\/p>\n<ul>\n<li>Chrome: https:\/\/support.google.com\/chrome\/answer\/95647?hl=es<\/li>\n<li>Internet Explorer: https:\/\/support.microsoft.com\/es-es\/products\/windows?os=windows-10<\/li>\n<li>Safari: https:\/\/support.apple.com\/kb\/ph5042?locale=es_ES<\/li>\n<li>Safari per a iOS: https:\/\/support.apple.com\/es-es\/HT201265<\/li>\n<li>Opera: http:\/\/help.opera.com\/windows\/11.50\/es-ES\/cookies.html<\/li>\n<\/ul>\n<\/div>\n<\/div>\n<\/div>\n<\/div>\n<\/div>\n","protected":false},"excerpt":{"rendered":"<p>Qu\u00e8 \u00e9s una galeta? Una galeta \u00e9s un fitxer que es descarrega a l\u2019ordinador quan l\u2019usuari entra a determinades p\u00e0gines<\/p>\n","protected":false},"author":1,"featured_media":0,"parent":0,"menu_order":0,"comment_status":"closed","ping_status":"closed","template":"","meta":[],"yoast_head":"<title>Pol\u00edtica de galetes - Andres Navarro - Especialistas en Tejidos<\/title>\n<meta name=\"robots\" content=\"index, follow, max-snippet:-1, max-image-preview:large, max-video-preview:-1\" \/>\n<link rel=\"canonical\" href=\"https:\/\/andresnavarro.es\/ca\/politica-de-galetes\/\" \/>\n<meta property=\"og:locale\" content=\"ca_ES\" \/>\n<meta property=\"og:type\" content=\"article\" \/>\n<meta property=\"og:title\" content=\"Pol\u00edtica de galetes - Andres Navarro - Especialistas en Tejidos\" \/>\n<meta property=\"og:description\" content=\"Qu\u00e8 \u00e9s una galeta? Una galeta \u00e9s un fitxer que es descarrega a l\u2019ordinador quan l\u2019usuari entra a determinades p\u00e0gines\" \/>\n<meta property=\"og:url\" content=\"https:\/\/andresnavarro.es\/ca\/politica-de-galetes\/\" \/>\n<meta property=\"og:site_name\" content=\"Andres Navarro - Especialistas en Tejidos\" \/>\n<meta property=\"article:modified_time\" content=\"2020-08-03T12:04:44+00:00\" \/>\n<meta name=\"twitter:card\" content=\"summary_large_image\" \/>\n<meta name=\"twitter:label1\" content=\"Temps estimat de lectura\">\n\t<meta name=\"twitter:data1\" content=\"5 minuts\">\n<script type=\"application\/ld+json\" class=\"yoast-schema-graph\">{\"@context\":\"https:\/\/schema.org\",\"@graph\":[{\"@type\":\"Organization\",\"@id\":\"https:\/\/andresnavarro.es\/ca\/#organization\",\"name\":\"Andres Navarro S.A.\",\"url\":\"https:\/\/andresnavarro.es\/ca\/\",\"sameAs\":[],\"logo\":{\"@type\":\"ImageObject\",\"@id\":\"https:\/\/andresnavarro.es\/ca\/#logo\",\"inLanguage\":\"ca\",\"url\":\"https:\/\/andresnavarro.es\/wp-content\/uploads\/2019\/12\/logo_andres_navarro.png\",\"width\":634,\"height\":221,\"caption\":\"Andres Navarro S.A.\"},\"image\":{\"@id\":\"https:\/\/andresnavarro.es\/ca\/#logo\"}},{\"@type\":\"WebSite\",\"@id\":\"https:\/\/andresnavarro.es\/ca\/#website\",\"url\":\"https:\/\/andresnavarro.es\/ca\/\",\"name\":\"Andres Navarro - Especialistas en Tejidos\",\"description\":\"Distribuci\\u00f3n de tejidos\",\"publisher\":{\"@id\":\"https:\/\/andresnavarro.es\/ca\/#organization\"},\"potentialAction\":[{\"@type\":\"SearchAction\",\"target\":\"https:\/\/andresnavarro.es\/ca\/?s={search_term_string}\",\"query-input\":\"required name=search_term_string\"}],\"inLanguage\":\"ca\"},{\"@type\":\"WebPage\",\"@id\":\"https:\/\/andresnavarro.es\/ca\/politica-de-galetes\/#webpage\",\"url\":\"https:\/\/andresnavarro.es\/ca\/politica-de-galetes\/\",\"name\":\"Pol\\u00edtica de galetes - Andres Navarro - Especialistas en Tejidos\",\"isPartOf\":{\"@id\":\"https:\/\/andresnavarro.es\/ca\/#website\"},\"datePublished\":\"2020-06-23T09:44:20+00:00\",\"dateModified\":\"2020-08-03T12:04:44+00:00\",\"breadcrumb\":{\"@id\":\"https:\/\/andresnavarro.es\/ca\/politica-de-galetes\/#breadcrumb\"},\"inLanguage\":\"ca\",\"potentialAction\":[{\"@type\":\"ReadAction\",\"target\":[\"https:\/\/andresnavarro.es\/ca\/politica-de-galetes\/\"]}]},{\"@type\":\"BreadcrumbList\",\"@id\":\"https:\/\/andresnavarro.es\/ca\/politica-de-galetes\/#breadcrumb\",\"itemListElement\":[{\"@type\":\"ListItem\",\"position\":1,\"item\":{\"@type\":\"WebPage\",\"@id\":\"https:\/\/andresnavarro.es\/ca\/\",\"url\":\"https:\/\/andresnavarro.es\/ca\/\",\"name\":\"Portada\"}},{\"@type\":\"ListItem\",\"position\":2,\"item\":{\"@type\":\"WebPage\",\"@id\":\"https:\/\/andresnavarro.es\/ca\/politica-de-galetes\/\",\"url\":\"https:\/\/andresnavarro.es\/ca\/politica-de-galetes\/\",\"name\":\"Pol\\u00edtica de galetes\"}}]}]}<\/script>","_links":{"self":[{"href":"https:\/\/andresnavarro.es\/ca\/wp-json\/wp\/v2\/pages\/26946"}],"collection":[{"href":"https:\/\/andresnavarro.es\/ca\/wp-json\/wp\/v2\/pages"}],"about":[{"href":"https:\/\/andresnavarro.es\/ca\/wp-json\/wp\/v2\/types\/page"}],"author":[{"embeddable":true,"href":"https:\/\/andresnavarro.es\/ca\/wp-json\/wp\/v2\/users\/1"}],"replies":[{"embeddable":true,"href":"https:\/\/andresnavarro.es\/ca\/wp-json\/wp\/v2\/comments?post=26946"}],"version-history":[{"count":3,"href":"https:\/\/andresnavarro.es\/ca\/wp-json\/wp\/v2\/pages\/26946\/revisions"}],"predecessor-version":[{"id":27047,"href":"https:\/\/andresnavarro.es\/ca\/wp-json\/wp\/v2\/pages\/26946\/revisions\/27047"}],"wp:attachment":[{"href":"https:\/\/andresnavarro.es\/ca\/wp-json\/wp\/v2\/media?parent=26946"}],"curies":[{"name":"wp","href":"https:\/\/api.w.org\/{rel}","templated":true}]}}