{"id":26944,"date":"2020-06-23T09:42:06","date_gmt":"2020-06-23T09:42:06","guid":{"rendered":"https:\/\/andresnavarro.es\/?page_id=26944"},"modified":"2020-08-03T12:05:09","modified_gmt":"2020-08-03T12:05:09","slug":"politica-de-privacitat","status":"publish","type":"page","link":"https:\/\/andresnavarro.es\/ca\/politica-de-privacitat\/","title":{"rendered":"Pol\u00edtica de privacitat"},"content":{"rendered":"<div class=\"et_pb_section et_pb_section_1 et_section_regular\">\n<div class=\"et_pb_row et_pb_row_0\">\n<div class=\"et_pb_column et_pb_column_4_4 et_pb_column_0 et_pb_css_mix_blend_mode_passthrough et-last-child\">\n<div class=\"et_pb_module et_pb_text et_pb_text_0 et_pb_text_align_left et_pb_bg_layout_light\">\n<div class=\"et_pb_text_inner\">\n<p>A ANDR\u00c9S NAVARRO S.A., treballem per garantir la privadesa en el tractament de les seves dades personals. Hem actualitzat la nostra pol\u00edtica de privacitat per informar clarament de com recaptem, utilitzem i custodiem les dades de les persones que contacten amb la nostra organitzaci\u00f3:<\/p>\n<ul>\n<li>Responsable del tractament.<\/li>\n<li>Finalitats del tractament de dades.<\/li>\n<li>Per\u00edode de conservaci\u00f3 de dades.<\/li>\n<li>Legitimaci\u00f3 per al tractament de dades.<\/li>\n<li>Comunicaci\u00f3 de dades.<\/li>\n<li>Obtenci\u00f3 de les seves dades i dades de tercers.<\/li>\n<li>Transfer\u00e8ncies internacionals de dades.<\/li>\n<li>Els seus drets.<\/li>\n<\/ul>\n<\/div>\n<\/div>\n<\/div>\n<\/div>\n<div class=\"et_pb_row et_pb_row_1\">\n<div class=\"et_pb_column et_pb_column_4_4 et_pb_column_1 et_pb_css_mix_blend_mode_passthrough et-last-child\">\n<div class=\"et_pb_module et_pb_text et_pb_text_1 et_pb_text_align_left et_pb_bg_layout_light\">\n<div class=\"et_pb_text_inner\">\n<h3>Responsable del tractament de les seves dades<\/h3>\n<ul>\n<li>Ra\u00f3 social: ANDR\u00c9S NAVARRO S.A.<\/li>\n<li>Nom comercial: ANDR\u00c9S NAVARRO S.A.<\/li>\n<li>NIF: A-08889099<\/li>\n<li>Adre\u00e7a postal: Carrer de Tucuman 2, 08030 Barcelona<\/li>\n<li>Tel\u00e8fon: <a href=\"tel:+34%20932%2047%2001%2049\">+34 932 47 01 49<\/a><\/li>\n<li>orreu electr\u00f2nic: <a href=\"mailto:info@andresnavarro.es\">info@andresnavarro.es<\/a><\/li>\n<\/ul>\n<\/div>\n<\/div>\n<\/div>\n<\/div>\n<div class=\"et_pb_row et_pb_row_2\">\n<div class=\"et_pb_column et_pb_column_4_4 et_pb_column_2 et_pb_css_mix_blend_mode_passthrough et-last-child\">\n<div class=\"et_pb_module et_pb_text et_pb_text_2 et_pb_text_align_left et_pb_bg_layout_light\">\n<div class=\"et_pb_text_inner\">\n<h3>Finalitats del tractament de les seves dades<\/h3>\n<p>A ANDR\u00c9S NAVARRO S.A., el tractament de dades dels usuaris es fa de manera manual o automatitzada, segons el motiu pel qual ens les hagi facilitades, amb les finalitats seg\u00fcents:<\/p>\n<ol>\n<li>Gestionar les dades facilitades directament pel mateix interessat, com a particular, professional o representant de la seva empresa, per respondre a la seva sol\u00b7licitud, petici\u00f3 o consulta i fer un seguiment posterior.<\/li>\n<li>Gestionar les dades proporcionades per l\u2019usuari en el moment de contractar els nostres productes i serveis, des del punt de vista organitzatiu, comptable, fiscal i administratiu.<\/li>\n<li>Gestionar les dades de contacte particulars o professionals de l\u2019usuari per la seva participaci\u00f3 en les promocions, sortejos, activitats i esdeveniments que organitzem i ens hagin autoritzat per informar-lo sobre altres promocions, activitats o esdeveniments que puguem organitzar i que puguin ser del seu inter\u00e8s.<\/li>\n<li>Trametre peri\u00f2dicament comunicacions electr\u00f2niques sobre les promocions, sortejos, activitats, esdeveniments i not\u00edcies relacionades amb la nostra organitzaci\u00f3.<\/li>\n<li>En cas que s\u2019hagi subscrit al nostre butllet\u00ed d\u2019informaci\u00f3, enviament del butllet\u00ed amb el tractament de les dades facilitades corresponents.<\/li>\n<li>Elaborar informes estad\u00edstics an\u00f2nims respecte dels h\u00e0bits d\u2019acc\u00e9s i l\u2019activitat desenvolupada pels usuaris en la plataforma.<\/li>\n<li>Elaborar, si escau, el perfil d\u2019usuari i dur a terme accions comercials ajustades al perfil utilitzant les seves dades provinents de la gesti\u00f3 dels productes adquirits com ara dades de navegaci\u00f3, h\u00e0bits d\u2019acc\u00e9s i d\u2019altres, per oferir-li productes i serveis d\u2019una manera personalitzada.<\/li>\n<\/ol>\n<\/div>\n<\/div>\n<\/div>\n<\/div>\n<div class=\"et_pb_row et_pb_row_3\">\n<div class=\"et_pb_column et_pb_column_4_4 et_pb_column_3 et_pb_css_mix_blend_mode_passthrough et-last-child\">\n<div class=\"et_pb_module et_pb_text et_pb_text_3 et_pb_text_align_left et_pb_bg_layout_light\">\n<div class=\"et_pb_text_inner\">\n<h3>Per\u00edode de conservaci\u00f3 de les seves dades<\/h3>\n<ul>\n<li>Les dades per a la gesti\u00f3 de la <strong>relaci\u00f3 amb el client i la facturaci\u00f3 i cobrament dels serveis<\/strong> es conservaran durant tot el temps en qu\u00e8 la relaci\u00f3 contractual estigui vigent. Una vegada acabada aquesta relaci\u00f3, si escau, les dades es podran conservar durant el temps exigit per la legislaci\u00f3 aplicable i fins que prescriguin les eventuals responsabilitats derivades del contracte.<\/li>\n<li>Les dades per a la <strong>gesti\u00f3 de consultes i sol\u00b7licituds<\/strong> es conservaran durant el temps necessari per respondre-hi, amb un termini m\u00e0xim d\u2019un any.<\/li>\n<li>Les dades relatives a <strong>publicacions de comentaris<\/strong> sobre els nostres productes i serveis es mantindran durant la vig\u00e8ncia i publicitat dels productes o serveis a qu\u00e8 es refereixen, llevat que s\u2019expressi la voluntat d\u2019eliminar-les en qualsevol moment.<\/li>\n<li>Les dades de contacte per la seva participaci\u00f3 en <strong>promocions, sortejos, activitats i esdeveniments<\/strong> es conservaran mentre durin, segons les seves bases espec\u00edfiques, per gestionar-ne el desenvolupament, i despr\u00e9s, fins que prescriguin les possibles responsabilitats que se\u2019n derivin o fins que, si escau, ens manifestin en qualsevol moment la seva voluntat de revocar el seu consentiment.<\/li>\n<li>Les dades per a l\u2019enviament del <strong>butllet\u00ed d\u2019informaci\u00f3<\/strong> es conservaran indefinidament tret que s\u2019indiqui el contrari o l\u2019usuari s\u2019hi oposi o retiri el seu consentiment.<\/li>\n<li>Les dades per a l\u2019enviament de <strong>comunicacions comercials i elaboraci\u00f3 de perfils comercials<\/strong> dels nostres productes o serveis es conservaran indefinidament fins que, si escau, ens manifestin en qualsevol moment la voluntat de revocar el consentiment.<\/li>\n<\/ul>\n<\/div>\n<\/div>\n<\/div>\n<\/div>\n<div class=\"et_pb_row et_pb_row_4\">\n<div class=\"et_pb_column et_pb_column_4_4 et_pb_column_4 et_pb_css_mix_blend_mode_passthrough et-last-child\">\n<div class=\"et_pb_module et_pb_text et_pb_text_4 et_pb_text_align_left et_pb_bg_layout_light\">\n<div class=\"et_pb_text_inner\">\n<h3>Legitimaci\u00f3 per al tractament de les seves dades<\/h3>\n<ul>\n<li>La legitimaci\u00f3 per al tractament de les seves dades per a la gesti\u00f3 de la contractaci\u00f3 de serveis, pagament, facturaci\u00f3 i enviaments corresponents \u00e9s l\u2019execuci\u00f3 del contracte.<\/li>\n<li>L\u2019oferta prospectiva d\u2019informaci\u00f3 comercial sobre promocions, sortejos i esdeveniments a clients t\u00e9 com a base legal la satisfacci\u00f3 de l\u2019inter\u00e8s leg\u00edtim empresarial consistent a poder oferir als nostres clients la contractaci\u00f3 d\u2019altres productes o serveis relacionats amb la nostra activitat professional i aconseguir aix\u00ed la fidelitzaci\u00f3. Aquest inter\u00e8s leg\u00edtim es reconeix per la normativa legal aplicable (Reglament general de protecci\u00f3 de dades), que permet expressament el tractament de dades personals sobre aquesta base legal amb finalitats de m\u00e0rqueting directe.<br \/>\nMalgrat aix\u00f2, li recordem que t\u00e9 dret d\u2019oposar-se a aquest tractament de les seves dades per qualsevol dels mitjans que es descriuen en aquesta pol\u00edtica.<\/li>\n<li>La base de l\u2019enviament de comunicacions comercials a usuaris no clients \u00e9s el consentiment de l\u2019interessat que s\u2019ha sol\u00b7licitat, que es pot revocar en qualsevol moment. Si b\u00e9 la retirada d\u2019aquest consentiment no afectar\u00e0 en cap cas l\u2019execuci\u00f3 del contracte, els tractaments de dades amb aquesta finalitat fets anteriorment no perdran la licitud pel fet que el consentiment s\u2019hagi revocat.<\/li>\n<\/ul>\n<\/div>\n<\/div>\n<\/div>\n<\/div>\n<div class=\"et_pb_row et_pb_row_5\">\n<div class=\"et_pb_column et_pb_column_4_4 et_pb_column_5 et_pb_css_mix_blend_mode_passthrough et-last-child\">\n<div class=\"et_pb_module et_pb_text et_pb_text_5 et_pb_text_align_left et_pb_bg_layout_light\">\n<div class=\"et_pb_text_inner\">\n<h3>Comunicaci\u00f3 de les seves dades<\/h3>\n<p>ANDR\u00c9S NAVARRO S.A., informa els usuaris que les seves dades es poden comunicar:<\/p>\n<ul>\n<li>A les <strong>entitats financeres<\/strong> per mitj\u00e0 de les quals s\u2019articuli la gesti\u00f3 de cobraments i pagaments.<\/li>\n<li>A les <strong>administracions p\u00fabliques<\/strong> competents, en els casos que preveu la llei i per a les finalitats que s\u2019hi defineixen.<\/li>\n<\/ul>\n<\/div>\n<\/div>\n<\/div>\n<\/div>\n<div class=\"et_pb_row et_pb_row_6\">\n<div class=\"et_pb_column et_pb_column_4_4 et_pb_column_6 et_pb_css_mix_blend_mode_passthrough et-last-child\">\n<div class=\"et_pb_module et_pb_text et_pb_text_6 et_pb_text_align_left et_pb_bg_layout_light\">\n<div class=\"et_pb_text_inner\">\n<h3>Obtenci\u00f3 de les seves dades i dades de tercers<\/h3>\n<ul>\n<li>Les dades personals que tractem a PREMIUM MIX GROUP, SL, procedeixen dels mateixos interessats o del seu representant legal.<\/li>\n<li>En cas que l\u2019usuari faciliti dades de tercers, afirma que t\u00e9 el seu consentiment, que assumeix la responsabilitat d\u2019informar-los pr\u00e8viament de tot el que preveu l\u2019article 14 del Reglament general de protecci\u00f3 de dades en les condicions que s\u2019hi estableixen i que eximeix PREMIUM MIX GROUP, SL, de qualsevol responsabilitat en aquest sentit.<\/li>\n<li>No es tracten categories especials de dades personals (s\u00f3n les dades que revelen l\u2019origen \u00e8tnic o racial, les opinions pol\u00edtiques, les conviccions religioses o filos\u00f2fiques, o l\u2019afiliaci\u00f3 sindical, dades gen\u00e8tiques, dades biom\u00e8triques adre\u00e7ades a identificar de manera un\u00edvoca una persona f\u00edsica, dades relatives a la salut o dades relatives a la vida sexual o l\u2019orientaci\u00f3 sexual).<\/li>\n<\/ul>\n<\/div>\n<\/div>\n<\/div>\n<\/div>\n<div class=\"et_pb_row et_pb_row_7\">\n<div class=\"et_pb_column et_pb_column_4_4 et_pb_column_7 et_pb_css_mix_blend_mode_passthrough et-last-child\">\n<div class=\"et_pb_module et_pb_text et_pb_text_7 et_pb_text_align_left et_pb_bg_layout_light\">\n<div class=\"et_pb_text_inner\">\n<h3>Transfer\u00e8ncies de dades a tercers pa\u00efsos<\/h3>\n<ul>\n<li>Per a les comunicacions comercials, ANDR\u00c9S NAVARRO S.A., utilitza per al processament de la informaci\u00f3 que ens faciliten la plataforma d\u2019automatitzaci\u00f3 de m\u00e0rqueting Mailchimp. Per aquest motiu es fan transfer\u00e8ncies internacionals de dades als EUA, d\u2019acord amb la seva pol\u00edtica de privacitat <a href=\"https:\/\/mailchimp.com\/legal\/privacy\/\">https:\/\/mailchimp.com\/legal\/privacy\/<\/a> i els seus termes <a href=\"https:\/\/mailchimp.com\/legal\/terms\/\">https:\/\/mailchimp.com\/legal\/terms\/<\/a>.<br \/>\nMailchimp \u00e9s una aplicaci\u00f3 de l\u2019empresa The Rocket Science Group LLC d\/b\/a Mailchimp, a State of Georgia Limited Liability Company, d\u2019Atlanta, Ge\u00f2rgia, empresa degudament certificada en el marc de l\u2019escut de privacitat EUA, decisi\u00f3 (UE) 2016\/1250 de la Comissi\u00f3, de 12 de juliol del 2016, Privacy Shield.<\/li>\n<\/ul>\n<\/div>\n<\/div>\n<\/div>\n<\/div>\n<div class=\"et_pb_row et_pb_row_8\">\n<div class=\"et_pb_column et_pb_column_4_4 et_pb_column_8 et_pb_css_mix_blend_mode_passthrough et-last-child\">\n<div class=\"et_pb_module et_pb_text et_pb_text_8 et_pb_text_align_left et_pb_bg_layout_light\">\n<div class=\"et_pb_text_inner\">\n<h3>Els seus drets<\/h3>\n<ul>\n<li>Tothom t\u00e9 dret de saber si a ANDR\u00c9S NAVARRO S.A., tractem dades personals que l\u2019afecten.<\/li>\n<li>Els interessats tenen dret de consultar les seves dades personals, aix\u00ed com de sol\u00b7licitar la rectificaci\u00f3 de les dades inexactes o, si \u00e9s el cas, sol\u00b7licitar-ne la supressi\u00f3 quan, entre altres motius, les dades ja no siguin necess\u00e0ries per a les finalitats per a les quals s\u2019han obtingut.<\/li>\n<li>En determinades circumst\u00e0ncies, els interessats poden sol\u00b7licitar la limitaci\u00f3 del tractament de les seves dades o la seva portabilitat. En aquest cas solament les conservarem per a l\u2019exercici o la defensa de reclamacions.<\/li>\n<li>En determinades circumst\u00e0ncies, per motius relacionats amb la seva situaci\u00f3 particular, els interessats es poden oposar al tractament de les seves dades. En aquest cas, PREMIUM MIX GROUP, SL, deixar\u00e0 de tractar les dades, excepte per motius leg\u00edtims imperiosos, o l\u2019exercici o la defensa de possibles reclamacions.<br \/>\nPot exercir materialment els seus drets de la manera seg\u00fcent:<br \/>\n\u2014 Per correu postal, adjuntant una c\u00f2pia del DNI al carrer de:<br \/>\n\u2014 Per correu electr\u00f2nic, adjuntant una c\u00f2pia del DNI a: <a href=\"mailto:info@andresnavarro.es\">info@andresnavarro.es<\/a><br \/>\n\u2014 A l\u2019adre\u00e7a de correu postal o de correu electr\u00f2nic indicades els proporcionarem els formularis corresponents per exercitar materialment aquests drets.<\/li>\n<li>Si ha atorgat el consentiment per a alguna finalitat concreta, t\u00e9 dret de retirar el consentiment atorgat en qualsevol moment, sense que aix\u00f2 afecti la licitud del tractament basat en el seu consentiment previ a la seva retirada.<\/li>\n<li>En cas que consideri vulnerats els seus drets pel que fa a la protecci\u00f3 de les seves dades personals, especialment quan no hagi pogut exercir els seus drets, pot presentar una reclamaci\u00f3 davant l\u2019autoritat de control en mat\u00e8ria de protecci\u00f3 de dades competent per mitj\u00e0 del seu lloc web: <a href=\"https:\/\/www.agpd.es\">www.agpd.es<\/a>.<\/li>\n<\/ul>\n<\/div>\n<\/div>\n<\/div>\n<\/div>\n<\/div>\n","protected":false},"excerpt":{"rendered":"<p>A ANDR\u00c9S NAVARRO S.A., treballem per garantir la privadesa en el tractament de les seves dades personals. Hem actualitzat la<\/p>\n","protected":false},"author":1,"featured_media":0,"parent":0,"menu_order":0,"comment_status":"closed","ping_status":"closed","template":"","meta":[],"yoast_head":"<title>Pol\u00edtica de privacitat - Andres Navarro - Especialistas en Tejidos<\/title>\n<meta name=\"robots\" content=\"index, follow, max-snippet:-1, max-image-preview:large, max-video-preview:-1\" \/>\n<link rel=\"canonical\" href=\"https:\/\/andresnavarro.es\/ca\/politica-de-privacitat\/\" \/>\n<meta property=\"og:locale\" content=\"ca_ES\" \/>\n<meta property=\"og:type\" content=\"article\" \/>\n<meta property=\"og:title\" content=\"Pol\u00edtica de privacitat - Andres Navarro - Especialistas en Tejidos\" \/>\n<meta property=\"og:description\" content=\"A ANDR\u00c9S NAVARRO S.A., treballem per garantir la privadesa en el tractament de les seves dades personals. Hem actualitzat la\" \/>\n<meta property=\"og:url\" content=\"https:\/\/andresnavarro.es\/ca\/politica-de-privacitat\/\" \/>\n<meta property=\"og:site_name\" content=\"Andres Navarro - Especialistas en Tejidos\" \/>\n<meta property=\"article:modified_time\" content=\"2020-08-03T12:05:09+00:00\" \/>\n<meta name=\"twitter:card\" content=\"summary_large_image\" \/>\n<meta name=\"twitter:label1\" content=\"Temps estimat de lectura\">\n\t<meta name=\"twitter:data1\" content=\"8 minuts\">\n<script type=\"application\/ld+json\" class=\"yoast-schema-graph\">{\"@context\":\"https:\/\/schema.org\",\"@graph\":[{\"@type\":\"Organization\",\"@id\":\"https:\/\/andresnavarro.es\/ca\/#organization\",\"name\":\"Andres Navarro S.A.\",\"url\":\"https:\/\/andresnavarro.es\/ca\/\",\"sameAs\":[],\"logo\":{\"@type\":\"ImageObject\",\"@id\":\"https:\/\/andresnavarro.es\/ca\/#logo\",\"inLanguage\":\"ca\",\"url\":\"https:\/\/andresnavarro.es\/wp-content\/uploads\/2019\/12\/logo_andres_navarro.png\",\"width\":634,\"height\":221,\"caption\":\"Andres Navarro S.A.\"},\"image\":{\"@id\":\"https:\/\/andresnavarro.es\/ca\/#logo\"}},{\"@type\":\"WebSite\",\"@id\":\"https:\/\/andresnavarro.es\/ca\/#website\",\"url\":\"https:\/\/andresnavarro.es\/ca\/\",\"name\":\"Andres Navarro - Especialistas en Tejidos\",\"description\":\"Distribuci\\u00f3n de tejidos\",\"publisher\":{\"@id\":\"https:\/\/andresnavarro.es\/ca\/#organization\"},\"potentialAction\":[{\"@type\":\"SearchAction\",\"target\":\"https:\/\/andresnavarro.es\/ca\/?s={search_term_string}\",\"query-input\":\"required name=search_term_string\"}],\"inLanguage\":\"ca\"},{\"@type\":\"WebPage\",\"@id\":\"https:\/\/andresnavarro.es\/ca\/politica-de-privacitat\/#webpage\",\"url\":\"https:\/\/andresnavarro.es\/ca\/politica-de-privacitat\/\",\"name\":\"Pol\\u00edtica de privacitat - Andres Navarro - Especialistas en Tejidos\",\"isPartOf\":{\"@id\":\"https:\/\/andresnavarro.es\/ca\/#website\"},\"datePublished\":\"2020-06-23T09:42:06+00:00\",\"dateModified\":\"2020-08-03T12:05:09+00:00\",\"breadcrumb\":{\"@id\":\"https:\/\/andresnavarro.es\/ca\/politica-de-privacitat\/#breadcrumb\"},\"inLanguage\":\"ca\",\"potentialAction\":[{\"@type\":\"ReadAction\",\"target\":[\"https:\/\/andresnavarro.es\/ca\/politica-de-privacitat\/\"]}]},{\"@type\":\"BreadcrumbList\",\"@id\":\"https:\/\/andresnavarro.es\/ca\/politica-de-privacitat\/#breadcrumb\",\"itemListElement\":[{\"@type\":\"ListItem\",\"position\":1,\"item\":{\"@type\":\"WebPage\",\"@id\":\"https:\/\/andresnavarro.es\/ca\/\",\"url\":\"https:\/\/andresnavarro.es\/ca\/\",\"name\":\"Portada\"}},{\"@type\":\"ListItem\",\"position\":2,\"item\":{\"@type\":\"WebPage\",\"@id\":\"https:\/\/andresnavarro.es\/ca\/politica-de-privacitat\/\",\"url\":\"https:\/\/andresnavarro.es\/ca\/politica-de-privacitat\/\",\"name\":\"Pol\\u00edtica de privacitat\"}}]}]}<\/script>","_links":{"self":[{"href":"https:\/\/andresnavarro.es\/ca\/wp-json\/wp\/v2\/pages\/26944"}],"collection":[{"href":"https:\/\/andresnavarro.es\/ca\/wp-json\/wp\/v2\/pages"}],"about":[{"href":"https:\/\/andresnavarro.es\/ca\/wp-json\/wp\/v2\/types\/page"}],"author":[{"embeddable":true,"href":"https:\/\/andresnavarro.es\/ca\/wp-json\/wp\/v2\/users\/1"}],"replies":[{"embeddable":true,"href":"https:\/\/andresnavarro.es\/ca\/wp-json\/wp\/v2\/comments?post=26944"}],"version-history":[{"count":4,"href":"https:\/\/andresnavarro.es\/ca\/wp-json\/wp\/v2\/pages\/26944\/revisions"}],"predecessor-version":[{"id":27048,"href":"https:\/\/andresnavarro.es\/ca\/wp-json\/wp\/v2\/pages\/26944\/revisions\/27048"}],"wp:attachment":[{"href":"https:\/\/andresnavarro.es\/ca\/wp-json\/wp\/v2\/media?parent=26944"}],"curies":[{"name":"wp","href":"https:\/\/api.w.org\/{rel}","templated":true}]}}