{"id":26932,"date":"2020-06-23T09:10:44","date_gmt":"2020-06-23T09:10:44","guid":{"rendered":"https:\/\/andresnavarro.es\/?page_id=26932"},"modified":"2020-06-23T09:10:44","modified_gmt":"2020-06-23T09:10:44","slug":"avis-legal","status":"publish","type":"page","link":"https:\/\/andresnavarro.es\/ca\/avis-legal\/","title":{"rendered":"Av\u00eds Legal"},"content":{"rendered":"<div class=\"et_pb_section et_pb_section_1 et_section_regular\">\n<div class=\"et_pb_row et_pb_row_0\">\n<div class=\"et_pb_column et_pb_column_4_4 et_pb_column_0 et_pb_css_mix_blend_mode_passthrough et-last-child\">\n<div class=\"et_pb_module et_pb_text et_pb_text_0 et_pb_text_align_left et_pb_bg_layout_light\">\n<div class=\"et_pb_text_inner\">\n<h2>1. OBJECTE<\/h2>\n<p>Aquest av\u00eds legal regula l\u2019\u00fas del lloc web www.andresnavarro.es, del qual \u00e9s titular ANDRES NAVARRO S.A. (d\u2019ara endavant, EL PROPIETARI DEL WEB).<\/p>\n<p>Navegar pel lloc web li atribueix la condici\u00f3 d\u2019USUARI del lloc i comporta que accepta plenament i sense reserves totes i cadascuna de les condicions d\u2019aquest av\u00eds legal.<\/p>\n<p>EL PROPIETARI DEL WEB es reserva el dret de modificar la presentaci\u00f3, configuraci\u00f3 i contingut del lloc web, aix\u00ed com les condicions requerides per accedir-hi i fer-lo servir. L\u2019acc\u00e9s i utilitzaci\u00f3 dels continguts del lloc web despr\u00e9s de l\u2019entrada en vigor de les seves modificacions o canvis en comporta l\u2019acceptaci\u00f3.<\/p>\n<p>ANDRES NAVARRO S.A., es reserva el dret de modificar sense notificaci\u00f3 pr\u00e8via els termes i les condicions que s\u2019estipulen aqu\u00ed, totalment o parcialment. Per fer-ho cal que publiqui qualsevol canvi de la mateixa manera com apareixen aquestes condicions d\u2019\u00fas o per mitj\u00e0 de qualsevol tipus de comunicaci\u00f3 adre\u00e7ada als usuaris.<\/p>\n<p>Per aix\u00f2 \u00e9s recomanable llegir-ne atentament el contingut en cas de voler consultar la informaci\u00f3 i fer servir els serveis que ofereix aquest lloc web.<\/p>\n<p>A m\u00e9s, l\u2019usuari est\u00e0 obligat a fer un \u00fas correcte del lloc web d\u2019acord amb les lleis, la bona fe, l\u2019ordre p\u00fablic, els usos del tr\u00e0nsit i aquest av\u00eds legal, i ha de respondre davant del PROPIETARI DEL WEB o davant de tercers de qualsevol dany i perjudici causat a conseq\u00fc\u00e8ncia de l\u2019incompliment d\u2019aquesta obligaci\u00f3.<\/p>\n<p>Qualsevol utilitzaci\u00f3 diferent de l\u2019autoritzada est\u00e0 prohibida de manera expressa. EL PROPIETARI DEL WEB en pot denegar o retirar l\u2019acc\u00e9s i l\u2019\u00fas en qualsevol moment.<\/p>\n<\/div>\n<\/div>\n<\/div>\n<\/div>\n<div class=\"et_pb_row et_pb_row_1\">\n<div class=\"et_pb_column et_pb_column_4_4 et_pb_column_1 et_pb_css_mix_blend_mode_passthrough et-last-child\">\n<div class=\"et_pb_module et_pb_text et_pb_text_1 et_pb_text_align_left et_pb_bg_layout_light\">\n<div class=\"et_pb_text_inner\">\n<h2>2. IDENTIFICACI\u00d3<\/h2>\n<p>EL PROPIETARI DEL WEB, en compliment de la Llei 34\/2002, d\u201911 de juliol, de serveis de la societat de la informaci\u00f3 i de comer\u00e7 electr\u00f2nic, l\u2019informa que:<\/p>\n<ul>\n<li>La seva denominaci\u00f3 social \u00e9s ANDRES NAVARRO S.A.<\/li>\n<li>La seva denominaci\u00f3 comercial \u00e9s ANDRES NAVARRO S.A.<\/li>\n<li>El seu CIF \u00e9s <span class=\"st\">A08889099<\/span>.<\/li>\n<\/ul>\n<\/div>\n<\/div>\n<\/div>\n<\/div>\n<div class=\"et_pb_row et_pb_row_2\">\n<div class=\"et_pb_column et_pb_column_4_4 et_pb_column_2 et_pb_css_mix_blend_mode_passthrough et-last-child\">\n<div class=\"et_pb_module et_pb_text et_pb_text_2 et_pb_text_align_left et_pb_bg_layout_light\">\n<div class=\"et_pb_text_inner\">\n<h2>3. COMUNICACI\u00d3<\/h2>\n<p>Per comunicar-se amb nosaltres, posem a la seva disposici\u00f3 diversos mitjans de contacte que detallem tot seguit:<\/p>\n<ul>\n<li>Tel\u00e8fon: +34 <span class=\"section-info-text\"><span class=\"widget-pane-link\">932 47 01 49<\/span><\/span>.<\/li>\n<li>Correu electr\u00f2nic: info@andresnavarro.es<\/li>\n<\/ul>\n<p>Totes les notificacions i comunicacions entre els usuaris i EL PROPIETARI DEL WEB es consideren eficaces, amb car\u00e0cter general, quan es duen a terme per qualsevol dels mitjans detallats m\u00e9s amunt.<\/p>\n<\/div>\n<\/div>\n<\/div>\n<\/div>\n<div class=\"et_pb_row et_pb_row_3\">\n<div class=\"et_pb_column et_pb_column_4_4 et_pb_column_3 et_pb_css_mix_blend_mode_passthrough et-last-child\">\n<div class=\"et_pb_module et_pb_text et_pb_text_3 et_pb_text_align_left et_pb_bg_layout_light\">\n<div class=\"et_pb_text_inner\">\n<h2>4. CONDICIONS D\u2019ACC\u00c9S I UTILITZACI\u00d3<\/h2>\n<p>Es pot accedir al lloc web i als seus serveis de manera lliure i gratu\u00efta. Tot i aix\u00f2, EL PROPIETARI DEL WEB pot condicionar l\u2019\u00fas d\u2019alguns dels serveis oferts al seu web a l\u2019emplenament previ del formulari corresponent.<\/p>\n<p>L\u2019usuari garanteix l\u2019autenticitat i actualitat de totes les dades que comuniqui al PROPIETARI DEL WEB i \u00e9s l\u2019\u00fanic responsable de les manifestacions falses o inexactes que faci.<\/p>\n<p>L\u2019usuari es compromet de manera expressa a fer un \u00fas adequat dels continguts i serveis del PROPIETARI DEL WEB i a no fer-los servir, entre d\u2019altres, amb les finalitats seg\u00fcents:<\/p>\n<p><strong>a)<\/strong> Difondre continguts delictius, violents, pornogr\u00e0fics, racistes, xen\u00f2fobs, ofensius, d\u2019apologia del terrorisme o, en general, contraris a la llei o a l\u2019ordre p\u00fablic.<\/p>\n<p><strong>b)<\/strong> Introduir a la xarxa virus inform\u00e0tics o dur a terme actuacions susceptibles d\u2019alterar, espatllar, interrompre o provocar errors o danys en els documents electr\u00f2nics, dades o sistemes f\u00edsics i l\u00f2gics del PROPIETARI DEL WEB o de terceres persones, aix\u00ed com obstaculitzar l\u2019acc\u00e9s d\u2019altres usuaris al lloc web i als seus serveis mitjan\u00e7ant el consum massiu dels recursos inform\u00e0tics per mitj\u00e0 dels quals EL PROPIETARI DEL WEB presta els seus serveis.<\/p>\n<p><strong>c)<\/strong> Intentar accedir als comptes de correu electr\u00f2nic d\u2019altres usuaris o a \u00e0rees restringides dels sistemes inform\u00e0tics del PROPIETARI DEL WEB o de tercers i, si escau, extreure\u2019n informaci\u00f3.<\/p>\n<p><strong>d)<\/strong> Vulnerar els drets de propietat intel\u00b7lectual o industrial, aix\u00ed com violar la confidencialitat de la informaci\u00f3 del PROPIETARI DEL WEB o de tercers.<\/p>\n<p><strong>e)<\/strong> Suplantar la identitat de qualsevol altre usuari.<\/p>\n<p><strong>f)<\/strong> Reproduir, copiar, distribuir, posar a la disposici\u00f3 del p\u00fablic o qualsevol altra forma de comunicaci\u00f3 p\u00fablica, transformar o modificar els continguts, tret que es disposi de l\u2019autoritzaci\u00f3 del titular dels drets corresponents o aix\u00f2 resulti legalment perm\u00e8s.<\/p>\n<p><strong>g)<\/strong> Obtenir dades amb finalitat publicit\u00e0ria i de trametre publicitat de qualsevol tipus i comunicacions amb finalitats de venda o d\u2019altres de comercials sense la sol\u00b7licitud o el consentiment previs.<\/p>\n<p>Tots els continguts del lloc web, com ara textos, fotografies, gr\u00e0fics, imatges, icones, tecnologia, programari, aix\u00ed com el seu disseny gr\u00e0fic i codis font, constitueixen una obra la propietat de la qual pertany al PROPIETARI DEL WEB. No es poden considerar cedits a l\u2019usuari cap dels drets d\u2019explotaci\u00f3 sobre aquests elements a banda del que \u00e9s estrictament necessari per a l\u2019\u00fas correcte del web.<\/p>\n<p>Per tant, els usuaris que accedeixin a aquest lloc web poden visualitzar els continguts i fer, si escau, c\u00f2pies privades autoritzades sempre que els elements reprodu\u00efts no se cedeixin posteriorment a tercers, ni s\u2019instal\u00b7lin a servidors connectats a xarxes, ni siguin objecte de cap tipus d\u2019explotaci\u00f3.<\/p>\n<p>Aix\u00ed mateix, totes les marques, noms comercials o signes distintius de qualsevol tipus que apareixen al lloc web s\u00f3n propietat del PROPIETARI DEL WEB. No es pot considerar que fer servir el web o accedir-hi atribueixi a l\u2019usuari cap dret sobre aquests elements.<\/p>\n<p>Queden prohibits la distribuci\u00f3, modificaci\u00f3, cessi\u00f3 o comunicaci\u00f3 p\u00fablica dels continguts i qualsevol altre acte que no hagi estat autoritzat de manera expressa pel titular dels drets d\u2019explotaci\u00f3.<\/p>\n<p>L\u2019establiment d\u2019un enlla\u00e7 no implica en cap cas relacions entre EL PROPIETARI DEL WEB i el propietari del lloc web en qu\u00e8 s\u2019estableixi, ni l\u2019acceptaci\u00f3 i aprovaci\u00f3 pel PROPIETARI DEL WEB dels seus continguts o serveis.<\/p>\n<p>EL PROPIETARI DEL WEB no es responsabilitza de l\u2019\u00fas que cada usuari faci dels materials posats a disposici\u00f3 en aquest lloc web ni de les actuacions que faci amb aquests materials.<\/p>\n<h3><\/h3>\n<h3>4.1. EXCLUSI\u00d3 DE GARANTIES I DE RESPONSABILITAT EN L\u2019ACC\u00c9S I L\u2019\u00daS<\/h3>\n<p>El contingut d\u2019aquest lloc web \u00e9s general i t\u00e9 una finalitat purament informativa. No es garanteix plenament l\u2019acc\u00e9s a tots els continguts, ni l\u2019exhaustivitat, la correcci\u00f3, la vig\u00e8ncia o actualitat ni la seva idone\u00eftat o utilitat per a un objectiu espec\u00edfic.<\/p>\n<p>EL PROPIETARI DEL WEB exclou, fins on permet l\u2019ordenament jur\u00eddic, qualsevol responsabilitat pels danys i perjudicis de tot tipus derivats dels fets seg\u00fcents:<\/p>\n<p><strong>a)<\/strong> La impossibilitat d\u2019accedir al lloc web o la manca de veracitat, exactitud, exhaustivitat o actualitat dels continguts, aix\u00ed com l\u2019exist\u00e8ncia de vicis i defectes de tota mena dels continguts transmesos, difosos, emmagatzemats, posats a disposici\u00f3, als quals s\u2019hagi accedit per mitj\u00e0 del lloc web o dels serveis que s\u2019hi ofereixen.<\/p>\n<p><strong>b)<\/strong> La pres\u00e8ncia de virus o d\u2019altres elements en els continguts que puguin produir alteracions en els sistemes inform\u00e0tics, documents electr\u00f2nics o dades dels usuaris.<\/p>\n<p><strong>c)<\/strong> L\u2019incompliment de les lleis, la bona fe, l\u2019ordre p\u00fablic, els usos del tr\u00e0nsit i aquest av\u00eds legal a conseq\u00fc\u00e8ncia de l\u2019\u00fas incorrecte del lloc web. En particular, i a tall d\u2019exemple, EL PROPIETARI DEL WEB no es fa responsable de les actuacions de tercers que vulnerin drets de propietat intel\u00b7lectual i industrial, secrets empresarials, drets de l\u2019honor, de la intimitat personal i familiar i de la pr\u00f2pia imatge, aix\u00ed com la normativa en mat\u00e8ria de compet\u00e8ncia deslleial i publicitat il\u00b7l\u00edcita.<\/p>\n<p>Aix\u00ed mateix, EL PROPIETARI DEL WEB declina qualsevol responsabilitat respecte de la informaci\u00f3 trobada fora d\u2019aquest web i que no sigui gestionada directament pel nostre administrador. La funci\u00f3 dels enlla\u00e7os que apareixen en aquesta web \u00e9s exclusivament la d\u2019informar l\u2019usuari sobre altres fonts susceptibles d\u2019ampliar els continguts que ofereix aquest lloc web. EL PROPIETARI DEL WEB no garanteix ni es responsabilitza del funcionament o accessibilitat dels llocs enlla\u00e7ats, ni en suggereix ni en recomana la visita. Per tant, tampoc no \u00e9s responsable del resultat obtingut. EL PROPIETARI DEL WEB no es responsabilitza dels enlla\u00e7os establerts per tercers.<\/p>\n<h3><\/h3>\n<h3>4.2. PROCEDIMENT EN CAS D\u2019ACTIVITATS IL\u00b7L\u00cdCITES<\/h3>\n<p>En cas que qualsevol usuari o un tercer consideri que hi ha fets o circumst\u00e0ncies que revelin el car\u00e0cter il\u00b7l\u00edcit de la utilitzaci\u00f3 de qualsevol contingut o de qualsevol activitat a les p\u00e0gines web incloses al lloc web o accessibles per mitj\u00e0 del lloc web, ha d\u2019enviar una notificaci\u00f3 al PROPIETARI DEL WEB en qu\u00e8 s\u2019identifiqui degudament i especifiqui aquestes suposades infraccions.<\/p>\n<h3><\/h3>\n<h3>4.3. PUBLICACIONS<\/h3>\n<p>La informaci\u00f3 administrativa facilitada per mitj\u00e0 del lloc web no substitueix la publicitat legal de les lleis, normatives, plans, disposicions generals i actes que s\u2019hagin de publicar formalment als diaris oficials de les administracions p\u00fabliques, que constitueixen l\u2019\u00fanic instrument que dona fe de la seva autenticitat i contingut. La informaci\u00f3 disponible en aquest lloc web s\u2019ha d\u2019entendre com una guia sense prop\u00f2sit de validesa legal.<\/p>\n<\/div>\n<\/div>\n<\/div>\n<\/div>\n<div class=\"et_pb_row et_pb_row_4\">\n<div class=\"et_pb_column et_pb_column_4_4 et_pb_column_4 et_pb_css_mix_blend_mode_passthrough et-last-child\">\n<div class=\"et_pb_module et_pb_text et_pb_text_4 et_pb_text_align_left et_pb_bg_layout_light\">\n<div class=\"et_pb_text_inner\">\n<h2>5. LEGISLACI\u00d3 APLICABLE<\/h2>\n<p>Aquestes condicions es regeixen per la legislaci\u00f3 espanyola vigent.<\/p>\n<\/div>\n<\/div>\n<\/div>\n<\/div>\n<\/div>\n","protected":false},"excerpt":{"rendered":"<p>1. OBJECTE Aquest av\u00eds legal regula l\u2019\u00fas del lloc web www.andresnavarro.es, del qual \u00e9s titular ANDRES NAVARRO S.A. (d\u2019ara endavant,<\/p>\n","protected":false},"author":1,"featured_media":0,"parent":0,"menu_order":0,"comment_status":"closed","ping_status":"closed","template":"","meta":[],"yoast_head":"<title>Av\u00eds Legal - Andres Navarro - Especialistas en Tejidos<\/title>\n<meta name=\"robots\" content=\"index, follow, max-snippet:-1, max-image-preview:large, max-video-preview:-1\" \/>\n<link rel=\"canonical\" href=\"https:\/\/andresnavarro.es\/ca\/avis-legal\/\" \/>\n<meta property=\"og:locale\" content=\"ca_ES\" \/>\n<meta property=\"og:type\" content=\"article\" \/>\n<meta property=\"og:title\" content=\"Av\u00eds Legal - Andres Navarro - Especialistas en Tejidos\" \/>\n<meta property=\"og:description\" content=\"1. OBJECTE Aquest av\u00eds legal regula l\u2019\u00fas del lloc web www.andresnavarro.es, del qual \u00e9s titular ANDRES NAVARRO S.A. (d\u2019ara endavant,\" \/>\n<meta property=\"og:url\" content=\"https:\/\/andresnavarro.es\/ca\/avis-legal\/\" \/>\n<meta property=\"og:site_name\" content=\"Andres Navarro - Especialistas en Tejidos\" \/>\n<meta name=\"twitter:card\" content=\"summary_large_image\" \/>\n<meta name=\"twitter:label1\" content=\"Temps estimat de lectura\">\n\t<meta name=\"twitter:data1\" content=\"8 minuts\">\n<script type=\"application\/ld+json\" class=\"yoast-schema-graph\">{\"@context\":\"https:\/\/schema.org\",\"@graph\":[{\"@type\":\"Organization\",\"@id\":\"https:\/\/andresnavarro.es\/ca\/#organization\",\"name\":\"Andres Navarro S.A.\",\"url\":\"https:\/\/andresnavarro.es\/ca\/\",\"sameAs\":[],\"logo\":{\"@type\":\"ImageObject\",\"@id\":\"https:\/\/andresnavarro.es\/ca\/#logo\",\"inLanguage\":\"ca\",\"url\":\"https:\/\/andresnavarro.es\/wp-content\/uploads\/2019\/12\/logo_andres_navarro.png\",\"width\":634,\"height\":221,\"caption\":\"Andres Navarro S.A.\"},\"image\":{\"@id\":\"https:\/\/andresnavarro.es\/ca\/#logo\"}},{\"@type\":\"WebSite\",\"@id\":\"https:\/\/andresnavarro.es\/ca\/#website\",\"url\":\"https:\/\/andresnavarro.es\/ca\/\",\"name\":\"Andres Navarro - Especialistas en Tejidos\",\"description\":\"Distribuci\\u00f3n de tejidos\",\"publisher\":{\"@id\":\"https:\/\/andresnavarro.es\/ca\/#organization\"},\"potentialAction\":[{\"@type\":\"SearchAction\",\"target\":\"https:\/\/andresnavarro.es\/ca\/?s={search_term_string}\",\"query-input\":\"required name=search_term_string\"}],\"inLanguage\":\"ca\"},{\"@type\":\"WebPage\",\"@id\":\"https:\/\/andresnavarro.es\/ca\/avis-legal\/#webpage\",\"url\":\"https:\/\/andresnavarro.es\/ca\/avis-legal\/\",\"name\":\"Av\\u00eds Legal - Andres Navarro - Especialistas en Tejidos\",\"isPartOf\":{\"@id\":\"https:\/\/andresnavarro.es\/ca\/#website\"},\"datePublished\":\"2020-06-23T09:10:44+00:00\",\"dateModified\":\"2020-06-23T09:10:44+00:00\",\"breadcrumb\":{\"@id\":\"https:\/\/andresnavarro.es\/ca\/avis-legal\/#breadcrumb\"},\"inLanguage\":\"ca\",\"potentialAction\":[{\"@type\":\"ReadAction\",\"target\":[\"https:\/\/andresnavarro.es\/ca\/avis-legal\/\"]}]},{\"@type\":\"BreadcrumbList\",\"@id\":\"https:\/\/andresnavarro.es\/ca\/avis-legal\/#breadcrumb\",\"itemListElement\":[{\"@type\":\"ListItem\",\"position\":1,\"item\":{\"@type\":\"WebPage\",\"@id\":\"https:\/\/andresnavarro.es\/ca\/\",\"url\":\"https:\/\/andresnavarro.es\/ca\/\",\"name\":\"Portada\"}},{\"@type\":\"ListItem\",\"position\":2,\"item\":{\"@type\":\"WebPage\",\"@id\":\"https:\/\/andresnavarro.es\/ca\/avis-legal\/\",\"url\":\"https:\/\/andresnavarro.es\/ca\/avis-legal\/\",\"name\":\"Av\\u00eds Legal\"}}]}]}<\/script>","_links":{"self":[{"href":"https:\/\/andresnavarro.es\/ca\/wp-json\/wp\/v2\/pages\/26932"}],"collection":[{"href":"https:\/\/andresnavarro.es\/ca\/wp-json\/wp\/v2\/pages"}],"about":[{"href":"https:\/\/andresnavarro.es\/ca\/wp-json\/wp\/v2\/types\/page"}],"author":[{"embeddable":true,"href":"https:\/\/andresnavarro.es\/ca\/wp-json\/wp\/v2\/users\/1"}],"replies":[{"embeddable":true,"href":"https:\/\/andresnavarro.es\/ca\/wp-json\/wp\/v2\/comments?post=26932"}],"version-history":[{"count":1,"href":"https:\/\/andresnavarro.es\/ca\/wp-json\/wp\/v2\/pages\/26932\/revisions"}],"predecessor-version":[{"id":26933,"href":"https:\/\/andresnavarro.es\/ca\/wp-json\/wp\/v2\/pages\/26932\/revisions\/26933"}],"wp:attachment":[{"href":"https:\/\/andresnavarro.es\/ca\/wp-json\/wp\/v2\/media?parent=26932"}],"curies":[{"name":"wp","href":"https:\/\/api.w.org\/{rel}","templated":true}]}}